{"id":861,"date":"2021-10-23T16:42:59","date_gmt":"2021-10-23T19:42:59","guid":{"rendered":"http:\/\/termomecanicasrl.com.ar\/2021\/?page_id=861"},"modified":"2021-12-08T09:26:50","modified_gmt":"2021-12-08T12:26:50","slug":"equipos-split","status":"publish","type":"page","link":"http:\/\/termomecanicasrl.com.ar\/2021\/?page_id=861","title":{"rendered":"Aire Acondicionado &#8211; Equipos Split"},"content":{"rendered":"<p>[vc_row type=&#8221;vc_default&#8221; css=&#8221;.vc_custom_1474212597917{margin-bottom: -50px !important;}&#8221;][vc_column offset=&#8221;vc_col-lg-8 vc_col-md-8 vc_col-xs-12&#8243; css=&#8221;.vc_custom_1636370629769{margin-bottom: 50px !important;padding-right: 25px !important;padding-left: 25px !important;}&#8221;]<style type=\"text\/css\" data-type=\"the7_shortcodes-inline-css\">.shortcode-single-image-wrap.shortcode-single-image-46c56b778fa8b2d49fe97aa8be1a3ccb.enable-bg-rollover .rollover i,\n.shortcode-single-image-wrap.shortcode-single-image-46c56b778fa8b2d49fe97aa8be1a3ccb.enable-bg-rollover .rollover-video i {\n  background: -webkit-linear-gradient();\n  background: linear-gradient();\n}\n.shortcode-single-image-wrap.shortcode-single-image-46c56b778fa8b2d49fe97aa8be1a3ccb .rollover-icon {\n  font-size: 32px;\n  color: #ffffff;\n  min-width: 44px;\n  min-height: 44px;\n  line-height: 44px;\n  border-radius: 100px;\n  border-style: solid;\n  border-width: 0px;\n}\n.dt-icon-bg-on.shortcode-single-image-wrap.shortcode-single-image-46c56b778fa8b2d49fe97aa8be1a3ccb .rollover-icon {\n  background: rgba(255,255,255,0.3);\n  box-shadow: none;\n}\n<\/style><div class=\"shortcode-single-image-wrap shortcode-single-image-46c56b778fa8b2d49fe97aa8be1a3ccb alignnone  enable-bg-rollover dt-icon-bg-off\" style=\"margin-top:0px; margin-bottom:0px; margin-left:0px; margin-right:0px; width:1000px;\"><div class=\"shortcode-single-image\"><div class=\"fancy-media-wrap  layzr-bg\" style=\"\"><img loading=\"lazy\" decoding=\"async\" class=\"preload-me lazy-load\" src=\"data:image\/svg+xml,%3Csvg%20xmlns%3D&#39;http%3A%2F%2Fwww.w3.org%2F2000%2Fsvg&#39;%20viewBox%3D&#39;0%200%201000%20500&#39;%2F%3E\" data-src=\"http:\/\/termomecanicasrl.com.ar\/2021\/wp-content\/uploads\/2021\/11\/aire-cassette.jpg\" data-srcset=\"http:\/\/termomecanicasrl.com.ar\/2021\/wp-content\/uploads\/2021\/11\/aire-cassette.jpg 1000w\" width=\"1000\" height=\"500\"  data-dt-location=\"http:\/\/termomecanicasrl.com.ar\/2021\/?attachment_id=997\" style=\"\" alt=\"\" \/><\/div><\/div><\/div><div id=\"ultimate-heading-956569f5d48193905\" class=\"uvc-heading ult-adjust-bottom-margin ultimate-heading-956569f5d48193905 uvc-9946  uvc-heading-default-font-sizes\" data-hspacer=\"line_only\"  data-halign=\"left\" style=\"text-align:left\"><div class=\"uvc-main-heading ult-responsive\"  data-ultimate-target='.uvc-heading.ultimate-heading-956569f5d48193905 h2'  data-responsive-json-new='{\"font-size\":\"\",\"line-height\":\"\"}' ><h2 style=\"font-weight:bold;margin-top:30px;margin-bottom:10px;\">Aire Acondicionado - Equipos Split<\/h2><\/div><div class=\"uvc-heading-spacer line_only\" style=\"margin-bottom:30px;height:2px;\"><span class=\"uvc-headings-line\" style=\"border-style:solid;border-bottom-width:2px;border-color:#269acc;width:50px;\"><\/span><\/div><div class=\"uvc-sub-heading ult-responsive\"  data-ultimate-target='.uvc-heading.ultimate-heading-956569f5d48193905 .uvc-sub-heading '  data-responsive-json-new='{\"font-size\":\"\",\"line-height\":\"\"}'  style=\"font-weight:normal;margin-bottom:20px;\">Unidades separadas<\/div><\/div>[vc_accordion active_tab=&#8221;false&#8221; collapsible=&#8221;yes&#8221; disable_keyboard=&#8221;yes&#8221; title_size=&#8221;h5&#8243; style=&#8221;2&#8243;][vc_accordion_tab title=&#8221;Acondicionador de Aire Split Cassette&#8221;][vc_column_text css=&#8221;.vc_custom_1635019069447{padding-top: 10px !important;padding-bottom: 10px !important;background-color: #ffffff !important;}&#8221;]<\/p>\n<p class=\"texto-medio\"><strong><img loading=\"lazy\" decoding=\"async\" class=\"alignnone size-full wp-image-866\" src=\"http:\/\/termomecanicasrl.com.ar\/2021\/wp-content\/uploads\/2021\/10\/split.jpg\" alt=\"\" width=\"614\" height=\"253\" \/><\/strong><\/p>\n<p>Desde 6.000 hasta 12.000 frigor\u00edas\/ calor\u00edas<br \/>\n<strong>Frio\/Solo<\/strong><br \/>\n<strong>Frio\/ Calor<\/strong><\/p>\n<p class=\"texto-medio\"><strong>DISE\u00d1O FLUSH-FIT.<\/strong> Dise\u00f1o ultramoderno s\u00faper chato que permite la salida de aire en cuatro sentidos desde el techo permitiendo una distribuci\u00f3n del flujo de aire de manera pareja y eficiente, gracias a sus aletas de accionamientos autom\u00e1ticos. Su decorativo frente asegura una total armon\u00eda con la decoraci\u00f3n del ambiente acondicionar. Sus opciones de instalaci\u00f3n son casi ilimitadas.<\/p>\n<p class=\"texto-medio\"><strong>CONSTRUCCION RIGIDA.<\/strong> La unidad esta construida totalmente en chapa de acero galvanizada especialmente tratado para evitar la corrosi\u00f3n. Su terminaci\u00f3n as\u00ed como su rejilla de inyecci\u00f3n esta construida en pl\u00e1stico de alta durabilidad y resistencia. La unidad cuenta con filtro de aire, de f\u00e1cil remoci\u00f3n y limpieza.<\/p>\n<p class=\"texto-medio\"><strong>FUNCIONAMIENTO ULTRASILENCIOSO.<\/strong> Los ventiladores centr\u00edfugos ultrabalanciados y su especial fijaci\u00f3n a la unidad aseguran un funcionamiento silencioso y tranquilo.<\/p>\n<p class=\"texto-medio\"><strong>CONTROL REMOTO ELECTRONICO.<\/strong> La unidad cuenta completo sistema de control remoto inal\u00e1mbricos inteligentes, con programaci\u00f3n horarias 24 hs, funci\u00f3n sue\u00f1o, deshumidificacion, ventilado, frio y calor en los equipos con bomba de calor, as\u00ed como tambi\u00e9n modo AUTO. Es posible visualizar todas las opciones en la pantalla de control remoto.<\/p>\n<p class=\"texto-medio\"><strong>MECANISMO DE ADECUACION DE AGUA.<\/strong> La unidad cuenta con una micro bomba de remoci\u00f3n de condensados con sensores electr\u00f3nicos de agua, funciona en forma autom\u00e1tica para expulsar el condensado por encima sobre del nivel del techo.<\/p>\n<p class=\"texto-medio\"><strong>FACIL SERVICIO E INSTALACION.<\/strong> Los motores del ventilador, las turbinas y los controles son de f\u00e1cil acceso a trav\u00e9s de la rejilla de retorno. Las conexiones de refrigerante del tipo Flare Type, permite una f\u00e1cil instalaci\u00f3n y servicio. El cableado el\u00e9ctrico y la salida de ca\u00f1er\u00edas es posible desde la parte posterior o desde la base de la unidad.<\/p>\n<p><img loading=\"lazy\" decoding=\"async\" class=\"alignnone size-full wp-image-870\" src=\"http:\/\/termomecanicasrl.com.ar\/2021\/wp-content\/uploads\/2021\/10\/cuadro.jpg\" alt=\"\" width=\"585\" height=\"301\" \/><\/p>\n<table border=\"0\" width=\"100%\" cellspacing=\"0\" cellpadding=\"0\">\n<tbody>\n<tr>\n<td bgcolor=\"#51A8B1\">\n<div align=\"left\"><span style=\"color: #ffffff;\"><strong>Ahorro de Energ\u00eda:<\/strong> Bajos costos de operaci\u00f3n son asegurados a trav\u00e9s del uso de las m\u00e1s avanzadas tecnolog\u00edas en componentes. Todos nuestros sistemas est\u00e1n equipados con la m\u00e1s alta tecnolog\u00eda en compresores de alta eficiencia energ\u00e9tica, intercambiadores de calor y motores que aseguran el funcionamiento sin problemas a un bajo costo de operaci\u00f3n. Serpentinas construidas con aletas de aluminio ranuradas las cuales est\u00e1n unidas a tubos de cobres acanalados que aseguran una mayor transferencia debido a una mayor exploraci\u00f3n al refrigerante.<\/span><\/div>\n<\/td>\n<\/tr>\n<\/tbody>\n<\/table>\n<p>[\/vc_column_text][\/vc_accordion_tab][vc_accordion_tab title=&#8221;Evaporador Piso &#8211; Techo&#8221;][vc_column_text css=&#8221;.vc_custom_1635019048004{padding-top: 10px !important;padding-bottom: 10px !important;background-color: #ffffff !important;}&#8221;]<\/p>\n<p class=\"texto-medio\"><img loading=\"lazy\" decoding=\"async\" class=\"alignnone size-full wp-image-869\" src=\"http:\/\/termomecanicasrl.com.ar\/2021\/wp-content\/uploads\/2021\/10\/aire-split.jpg\" alt=\"\" width=\"345\" height=\"244\" \/><\/p>\n<p>Esta unidad evaporadora tiene una gran flexibilidad para la instalaci\u00f3n, pueden colocarse tanto en el piso, como debajo del techo o en cualquier posici\u00f3n horizontal.<br \/>\nEste vers\u00e1til modelo puede usarse como unidad Frio-Solo o Frio-Calor.<\/p>\n<p><span class=\"texto-medio\">Con un retorno adicional de aire bajo la maquina para lograr un menor tama\u00f1o.<\/span><\/p>\n<p class=\"texto-medio\"><strong><u>PRESTACIONES<\/u><\/strong><\/p>\n<p class=\"texto-medio\"><strong>Gabinete: <\/strong>El gabinete esta hecho de chapas valvanizadas pintada con pinturas de resina orneada, totalmente aisladas.<\/p>\n<p class=\"texto-medio\"><strong>Serpentina:<\/strong> Usando lo ultimo en tecnolog\u00eda de transferencia de calor, las aletas de aluminio que cubren los ca\u00f1os de cobres del evaporador producen la mas alta eficiencia con muy baja condensaci\u00f3n en la serpentina.<\/p>\n<p class=\"texto-medio\"><strong>Alta Eficiencia: <\/strong>Con el nuevo dise\u00f1o del distribuidor Flowrator, le permite al freon\u00a0 difundirse mejor por toda el area de la serpentina.<br \/>\nEquipamiento con AutoSwing para distribuir mejor el aire en todo el ambiente.<br \/>\nCon (3) velocidades diferentes del ventilador para ajustarse a cualquier necesidad de caudal.<\/p>\n<p class=\"texto-medio\"><strong>Facil Instalacion:<\/strong> Esta unidad esta dise\u00f1ada para brindar el menor costo de instalaci\u00f3n.<br \/>\nPuede ser montada bajo mismo techo en una pared o en el piso sin ninguna modificaci\u00f3n a la maquina.<br \/>\nLa placa de control esta equipada con terminales de baja tensi\u00f3n con una f\u00e1cil instalaci\u00f3n.<\/p>\n<p class=\"texto-medio\"><strong>Facil Mantenimiento:<\/strong> El filtro de aire puede limpiarse f\u00e1cilmente, solo sac\u00e1ndolo de la bandera del retorno sin usar ninguna herramienta.<br \/>\nLa placa de control tiene conectores de f\u00e1cil desmonte sin la necesidad de cortar alg\u00fan cable.<br \/>\nLa placa de control esta ubicada dentro del panel lateral para un f\u00e1cil matenimiento y reparaci\u00f3n.<\/p>\n<p class=\"texto-medio\"><strong>Control Remoto de LCD:<\/strong> EL atractivo dise\u00f1o del receptor ubicado en la evaporadora muestra la temperatura del ambiente y el modo de operaci\u00f3n de la maquina.<br \/>\nTres modos de operaci\u00f3n para frio solo (Cool \u2013 Dry \u2013 Fan) o 5 modos de operaci\u00f3n para Frio \u2013 Calor (Cool \u2013 Dry \u2013 Fan \u2013 Heat \u2013 Auto).<br \/>\nAUTO Restart, 24 horas ON \/OFF timer y velocidad autom\u00e1tica.<\/p>\n<p><img loading=\"lazy\" decoding=\"async\" class=\"alignnone size-full wp-image-868\" src=\"http:\/\/termomecanicasrl.com.ar\/2021\/wp-content\/uploads\/2021\/10\/cuadro2.jpg\" alt=\"\" width=\"582\" height=\"450\" \/>[\/vc_column_text][\/vc_accordion_tab][\/vc_accordion][\/vc_column][vc_column offset=&#8221;vc_col-lg-4 vc_col-md-4 vc_col-xs-12&#8243; css=&#8221;.vc_custom_1474210785130{margin-bottom: 50px !important;padding-right: 25px !important;padding-left: 25px !important;}&#8221;][vc_row_inner css=&#8221;.vc_custom_1474210891220{padding-right: 25px !important;padding-left: 25px !important;}&#8221;][vc_column_inner css=&#8221;.vc_custom_1474211073851{padding-top: 30px !important;padding-right: 30px !important;padding-bottom: 15px !important;padding-left: 30px !important;background-color: #f4f4f4 !important;}&#8221;]<div id=\"ultimate-heading-26969f5d48193985\" class=\"uvc-heading ult-adjust-bottom-margin ultimate-heading-26969f5d48193985 uvc-2664  uvc-heading-default-font-sizes\" data-hspacer=\"line_only\"  data-halign=\"left\" style=\"text-align:left\"><div class=\"uvc-main-heading ult-responsive\"  data-ultimate-target='.uvc-heading.ultimate-heading-26969f5d48193985 h3'  data-responsive-json-new='{\"font-size\":\"\",\"line-height\":\"\"}' ><h3 style=\"font-weight:bold;margin-bottom:10px;\">Nuestro Cat\u00e1logo<\/h3><\/div><div class=\"uvc-heading-spacer line_only\" style=\"margin-bottom:20px;height:1px;\"><span class=\"uvc-headings-line\" style=\"border-style:solid;border-bottom-width:1px;border-color:#269acc;width:30px;\"><\/span><\/div><\/div>[vc_widget_sidebar show_bg=&#8221;false&#8221; sidebar_id=&#8221;sidebar_4&#8243;][\/vc_column_inner][vc_column_inner css=&#8221;.vc_custom_1474210997759{margin-top: 30px !important;padding-top: 30px !important;padding-right: 30px !important;padding-bottom: 20px !important;padding-left: 30px !important;background-color: #f4f4f4 !important;}&#8221;]<div id=\"ultimate-heading-39869f5d481939fa\" class=\"uvc-heading ult-adjust-bottom-margin ultimate-heading-39869f5d481939fa uvc-9685  uvc-heading-default-font-sizes\" data-hspacer=\"line_only\"  data-halign=\"left\" style=\"text-align:left\"><div class=\"uvc-main-heading ult-responsive\"  data-ultimate-target='.uvc-heading.ultimate-heading-39869f5d481939fa h3'  data-responsive-json-new='{\"font-size\":\"\",\"line-height\":\"\"}' ><h3 style=\"font-weight:bold;margin-bottom:10px;\">Cons\u00faltenos<\/h3><\/div><div class=\"uvc-heading-spacer line_only\" style=\"margin-bottom:20px;height:1px;\"><span class=\"uvc-headings-line\" style=\"border-style:solid;border-bottom-width:1px;border-color:#269acc;width:30px;\"><\/span><\/div><\/div>[vc_column_text css=&#8221;.vc_custom_1635018517623{padding-bottom: 25px !important;}&#8221;]Solicite su presupuesto[\/vc_column_text]<form class=\"dt-contact-form dt-form\" method=\"post\"><input type=\"hidden\" name=\"widget_id\" value=\"presscore-contact-form-widget--1\" \/><input type=\"hidden\" name=\"send_message\" value=\"\" \/><input type=\"hidden\" name=\"security_token\" value=\"2e823c527f60b37e3015\"\/><div class=\"form-fields\"><span class=\"form-name\"><label class=\"assistive-text\">Name *<\/label><input type=\"text\" class=\"validate[required]\" placeholder=\"Name *\" name=\"name\" value=\"\" aria-required=\"true\">\n<\/span><span class=\"form-mail\"><label class=\"assistive-text\">E-mail *<\/label><input type=\"text\" class=\"validate[required,custom[email]]\" placeholder=\"E-mail *\" name=\"email\" value=\"\" aria-required=\"true\">\n<\/span><span class=\"form-telephone\"><label class=\"assistive-text\">Telephone<\/label><input type=\"text\" placeholder=\"Telephone\" name=\"telephone\" value=\"\" aria-required=\"false\">\n<\/span><\/div><span class=\"form-message\"><label class=\"assistive-text\">Message *<\/label><textarea class=\"validate[required]\" placeholder=\"Message *\" name=\"message\" rows=\"4\" aria-required=\"true\"><\/textarea>\n<\/span><div class=\"the7-g-captcha\"><\/div><p><a href=\"#\" class=\"dt-btn dt-btn-m dt-btn-submit\" rel=\"nofollow\"><span>Enviar<\/span><\/a><input class=\"assistive-text\" type=\"submit\" value=\"submit\"><\/p><\/form>\n[\/vc_column_inner][\/vc_row_inner][\/vc_column][\/vc_row]<\/p>\n","protected":false},"excerpt":{"rendered":"<p>[vc_row type=&#8221;vc_default&#8221; css=&#8221;.vc_custom_1474212597917{margin-bottom: -50px !important;}&#8221;][vc_column offset=&#8221;vc_col-lg-8 vc_col-md-8 vc_col-xs-12&#8243; css=&#8221;.vc_custom_1636370629769{margin-bottom: 50px !important;padding-right: 25px !important;padding-left: 25px !important;}&#8221;][vc_accordion active_tab=&#8221;false&#8221; collapsible=&#8221;yes&#8221; disable_keyboard=&#8221;yes&#8221; title_size=&#8221;h5&#8243; style=&#8221;2&#8243;][vc_accordion_tab title=&#8221;Acondicionador de Aire Split Cassette&#8221;][vc_column_text css=&#8221;.vc_custom_1635019069447{padding-top: 10px !important;padding-bottom: 10px !important;background-color: #ffffff !important;}&#8221;] Desde 6.000 hasta 12.000 frigor\u00edas\/ calor\u00edas Frio\/Solo Frio\/ Calor DISE\u00d1O FLUSH-FIT. Dise\u00f1o ultramoderno s\u00faper chato que permite la salida de aire en cuatro&hellip;<\/p>\n","protected":false},"author":1,"featured_media":0,"parent":0,"menu_order":0,"comment_status":"closed","ping_status":"closed","template":"","meta":{"_joinchat":[],"footnotes":""},"class_list":["post-861","page","type-page","status-publish","hentry","description-off"],"yoast_head":"<!-- This site is optimized with the Yoast SEO plugin v27.5 - https:\/\/yoast.com\/product\/yoast-seo-wordpress\/ -->\n<title>Aire Acondicionado - Equipos Split - Instalaciones Termomecanica S.R.L.<\/title>\n<meta name=\"robots\" content=\"index, follow, max-snippet:-1, max-image-preview:large, max-video-preview:-1\" \/>\n<link rel=\"canonical\" href=\"http:\/\/termomecanicasrl.com.ar\/2021\/?page_id=861\" \/>\n<meta property=\"og:locale\" content=\"es_ES\" \/>\n<meta property=\"og:type\" content=\"article\" \/>\n<meta property=\"og:title\" content=\"Aire Acondicionado - Equipos Split - Instalaciones Termomecanica S.R.L.\" \/>\n<meta property=\"og:description\" content=\"[vc_row type=&#8221;vc_default&#8221; css=&#8221;.vc_custom_1474212597917{margin-bottom: -50px !important;}&#8221;][vc_column offset=&#8221;vc_col-lg-8 vc_col-md-8 vc_col-xs-12&#8243; css=&#8221;.vc_custom_1636370629769{margin-bottom: 50px !important;padding-right: 25px !important;padding-left: 25px !important;}&#8221;][vc_accordion active_tab=&#8221;false&#8221; collapsible=&#8221;yes&#8221; disable_keyboard=&#8221;yes&#8221; title_size=&#8221;h5&#8243; style=&#8221;2&#8243;][vc_accordion_tab title=&#8221;Acondicionador de Aire Split Cassette&#8221;][vc_column_text css=&#8221;.vc_custom_1635019069447{padding-top: 10px !important;padding-bottom: 10px !important;background-color: #ffffff !important;}&#8221;] Desde 6.000 hasta 12.000 frigor\u00edas\/ calor\u00edas Frio\/Solo Frio\/ Calor DISE\u00d1O FLUSH-FIT. Dise\u00f1o ultramoderno s\u00faper chato que permite la salida de aire en cuatro&hellip;\" \/>\n<meta property=\"og:url\" content=\"http:\/\/termomecanicasrl.com.ar\/2021\/?page_id=861\" \/>\n<meta property=\"og:site_name\" content=\"Instalaciones Termomecanica S.R.L.\" \/>\n<meta property=\"article:modified_time\" content=\"2021-12-08T12:26:50+00:00\" \/>\n<meta property=\"og:image\" content=\"http:\/\/termomecanicasrl.com.ar\/2021\/wp-content\/uploads\/2021\/10\/split.jpg\" \/>\n<meta name=\"twitter:card\" content=\"summary_large_image\" \/>\n<meta name=\"twitter:label1\" content=\"Tiempo de lectura\" \/>\n\t<meta name=\"twitter:data1\" content=\"5 minutos\" \/>\n<script type=\"application\/ld+json\" class=\"yoast-schema-graph\">{\"@context\":\"https:\\\/\\\/schema.org\",\"@graph\":[{\"@type\":\"WebPage\",\"@id\":\"http:\\\/\\\/termomecanicasrl.com.ar\\\/2021\\\/?page_id=861\",\"url\":\"http:\\\/\\\/termomecanicasrl.com.ar\\\/2021\\\/?page_id=861\",\"name\":\"Aire Acondicionado - Equipos Split - Instalaciones Termomecanica S.R.L.\",\"isPartOf\":{\"@id\":\"http:\\\/\\\/termomecanicasrl.com.ar\\\/2021\\\/#website\"},\"primaryImageOfPage\":{\"@id\":\"http:\\\/\\\/termomecanicasrl.com.ar\\\/2021\\\/?page_id=861#primaryimage\"},\"image\":{\"@id\":\"http:\\\/\\\/termomecanicasrl.com.ar\\\/2021\\\/?page_id=861#primaryimage\"},\"thumbnailUrl\":\"http:\\\/\\\/termomecanicasrl.com.ar\\\/2021\\\/wp-content\\\/uploads\\\/2021\\\/10\\\/split.jpg\",\"datePublished\":\"2021-10-23T19:42:59+00:00\",\"dateModified\":\"2021-12-08T12:26:50+00:00\",\"breadcrumb\":{\"@id\":\"http:\\\/\\\/termomecanicasrl.com.ar\\\/2021\\\/?page_id=861#breadcrumb\"},\"inLanguage\":\"es-AR\",\"potentialAction\":[{\"@type\":\"ReadAction\",\"target\":[\"http:\\\/\\\/termomecanicasrl.com.ar\\\/2021\\\/?page_id=861\"]}]},{\"@type\":\"ImageObject\",\"inLanguage\":\"es-AR\",\"@id\":\"http:\\\/\\\/termomecanicasrl.com.ar\\\/2021\\\/?page_id=861#primaryimage\",\"url\":\"http:\\\/\\\/termomecanicasrl.com.ar\\\/2021\\\/wp-content\\\/uploads\\\/2021\\\/10\\\/split.jpg\",\"contentUrl\":\"http:\\\/\\\/termomecanicasrl.com.ar\\\/2021\\\/wp-content\\\/uploads\\\/2021\\\/10\\\/split.jpg\",\"width\":614,\"height\":253},{\"@type\":\"BreadcrumbList\",\"@id\":\"http:\\\/\\\/termomecanicasrl.com.ar\\\/2021\\\/?page_id=861#breadcrumb\",\"itemListElement\":[{\"@type\":\"ListItem\",\"position\":1,\"name\":\"Inicio\",\"item\":\"http:\\\/\\\/termomecanicasrl.com.ar\\\/2021\\\/\"},{\"@type\":\"ListItem\",\"position\":2,\"name\":\"Aire Acondicionado &#8211; Equipos Split\"}]},{\"@type\":\"WebSite\",\"@id\":\"http:\\\/\\\/termomecanicasrl.com.ar\\\/2021\\\/#website\",\"url\":\"http:\\\/\\\/termomecanicasrl.com.ar\\\/2021\\\/\",\"name\":\"Instalaciones Termomecanica S.R.L.\",\"description\":\"Actividad en refrigeraci\u00f3n, rebobinados de motores el\u00e9ctricos y generadores de electricidad e instalaci\u00f3n el\u00e9ctrica.\",\"potentialAction\":[{\"@type\":\"SearchAction\",\"target\":{\"@type\":\"EntryPoint\",\"urlTemplate\":\"http:\\\/\\\/termomecanicasrl.com.ar\\\/2021\\\/?s={search_term_string}\"},\"query-input\":{\"@type\":\"PropertyValueSpecification\",\"valueRequired\":true,\"valueName\":\"search_term_string\"}}],\"inLanguage\":\"es-AR\"}]}<\/script>\n<!-- \/ Yoast SEO plugin. -->","yoast_head_json":{"title":"Aire Acondicionado - Equipos Split - Instalaciones Termomecanica S.R.L.","robots":{"index":"index","follow":"follow","max-snippet":"max-snippet:-1","max-image-preview":"max-image-preview:large","max-video-preview":"max-video-preview:-1"},"canonical":"http:\/\/termomecanicasrl.com.ar\/2021\/?page_id=861","og_locale":"es_ES","og_type":"article","og_title":"Aire Acondicionado - Equipos Split - Instalaciones Termomecanica S.R.L.","og_description":"[vc_row type=&#8221;vc_default&#8221; css=&#8221;.vc_custom_1474212597917{margin-bottom: -50px !important;}&#8221;][vc_column offset=&#8221;vc_col-lg-8 vc_col-md-8 vc_col-xs-12&#8243; css=&#8221;.vc_custom_1636370629769{margin-bottom: 50px !important;padding-right: 25px !important;padding-left: 25px !important;}&#8221;][vc_accordion active_tab=&#8221;false&#8221; collapsible=&#8221;yes&#8221; disable_keyboard=&#8221;yes&#8221; title_size=&#8221;h5&#8243; style=&#8221;2&#8243;][vc_accordion_tab title=&#8221;Acondicionador de Aire Split Cassette&#8221;][vc_column_text css=&#8221;.vc_custom_1635019069447{padding-top: 10px !important;padding-bottom: 10px !important;background-color: #ffffff !important;}&#8221;] Desde 6.000 hasta 12.000 frigor\u00edas\/ calor\u00edas Frio\/Solo Frio\/ Calor DISE\u00d1O FLUSH-FIT. Dise\u00f1o ultramoderno s\u00faper chato que permite la salida de aire en cuatro&hellip;","og_url":"http:\/\/termomecanicasrl.com.ar\/2021\/?page_id=861","og_site_name":"Instalaciones Termomecanica S.R.L.","article_modified_time":"2021-12-08T12:26:50+00:00","og_image":[{"url":"http:\/\/termomecanicasrl.com.ar\/2021\/wp-content\/uploads\/2021\/10\/split.jpg","type":"","width":"","height":""}],"twitter_card":"summary_large_image","twitter_misc":{"Tiempo de lectura":"5 minutos"},"schema":{"@context":"https:\/\/schema.org","@graph":[{"@type":"WebPage","@id":"http:\/\/termomecanicasrl.com.ar\/2021\/?page_id=861","url":"http:\/\/termomecanicasrl.com.ar\/2021\/?page_id=861","name":"Aire Acondicionado - Equipos Split - Instalaciones Termomecanica S.R.L.","isPartOf":{"@id":"http:\/\/termomecanicasrl.com.ar\/2021\/#website"},"primaryImageOfPage":{"@id":"http:\/\/termomecanicasrl.com.ar\/2021\/?page_id=861#primaryimage"},"image":{"@id":"http:\/\/termomecanicasrl.com.ar\/2021\/?page_id=861#primaryimage"},"thumbnailUrl":"http:\/\/termomecanicasrl.com.ar\/2021\/wp-content\/uploads\/2021\/10\/split.jpg","datePublished":"2021-10-23T19:42:59+00:00","dateModified":"2021-12-08T12:26:50+00:00","breadcrumb":{"@id":"http:\/\/termomecanicasrl.com.ar\/2021\/?page_id=861#breadcrumb"},"inLanguage":"es-AR","potentialAction":[{"@type":"ReadAction","target":["http:\/\/termomecanicasrl.com.ar\/2021\/?page_id=861"]}]},{"@type":"ImageObject","inLanguage":"es-AR","@id":"http:\/\/termomecanicasrl.com.ar\/2021\/?page_id=861#primaryimage","url":"http:\/\/termomecanicasrl.com.ar\/2021\/wp-content\/uploads\/2021\/10\/split.jpg","contentUrl":"http:\/\/termomecanicasrl.com.ar\/2021\/wp-content\/uploads\/2021\/10\/split.jpg","width":614,"height":253},{"@type":"BreadcrumbList","@id":"http:\/\/termomecanicasrl.com.ar\/2021\/?page_id=861#breadcrumb","itemListElement":[{"@type":"ListItem","position":1,"name":"Inicio","item":"http:\/\/termomecanicasrl.com.ar\/2021\/"},{"@type":"ListItem","position":2,"name":"Aire Acondicionado &#8211; Equipos Split"}]},{"@type":"WebSite","@id":"http:\/\/termomecanicasrl.com.ar\/2021\/#website","url":"http:\/\/termomecanicasrl.com.ar\/2021\/","name":"Instalaciones Termomecanica S.R.L.","description":"Actividad en refrigeraci\u00f3n, rebobinados de motores el\u00e9ctricos y generadores de electricidad e instalaci\u00f3n el\u00e9ctrica.","potentialAction":[{"@type":"SearchAction","target":{"@type":"EntryPoint","urlTemplate":"http:\/\/termomecanicasrl.com.ar\/2021\/?s={search_term_string}"},"query-input":{"@type":"PropertyValueSpecification","valueRequired":true,"valueName":"search_term_string"}}],"inLanguage":"es-AR"}]}},"_links":{"self":[{"href":"http:\/\/termomecanicasrl.com.ar\/2021\/index.php?rest_route=\/wp\/v2\/pages\/861","targetHints":{"allow":["GET"]}}],"collection":[{"href":"http:\/\/termomecanicasrl.com.ar\/2021\/index.php?rest_route=\/wp\/v2\/pages"}],"about":[{"href":"http:\/\/termomecanicasrl.com.ar\/2021\/index.php?rest_route=\/wp\/v2\/types\/page"}],"author":[{"embeddable":true,"href":"http:\/\/termomecanicasrl.com.ar\/2021\/index.php?rest_route=\/wp\/v2\/users\/1"}],"replies":[{"embeddable":true,"href":"http:\/\/termomecanicasrl.com.ar\/2021\/index.php?rest_route=%2Fwp%2Fv2%2Fcomments&post=861"}],"version-history":[{"count":14,"href":"http:\/\/termomecanicasrl.com.ar\/2021\/index.php?rest_route=\/wp\/v2\/pages\/861\/revisions"}],"predecessor-version":[{"id":1037,"href":"http:\/\/termomecanicasrl.com.ar\/2021\/index.php?rest_route=\/wp\/v2\/pages\/861\/revisions\/1037"}],"wp:attachment":[{"href":"http:\/\/termomecanicasrl.com.ar\/2021\/index.php?rest_route=%2Fwp%2Fv2%2Fmedia&parent=861"}],"curies":[{"name":"wp","href":"https:\/\/api.w.org\/{rel}","templated":true}]}}