{"id":86,"date":"2016-06-07T23:57:55","date_gmt":"2016-06-07T22:57:55","guid":{"rendered":"https:\/\/the7.io\/psy\/?page_id=86"},"modified":"2024-02-27T14:16:26","modified_gmt":"2024-02-27T17:16:26","slug":"contact","status":"publish","type":"page","link":"http:\/\/termomecanicasrl.com.ar\/2021\/?page_id=86","title":{"rendered":"Contacto"},"content":{"rendered":"<p>[vc_row content_placement=&#8221;top&#8221; type=&#8221;vc_default&#8221; css=&#8221;.vc_custom_1633707831617{margin-top: -20px !important;padding-top: 0px !important;padding-bottom: 30px !important;}&#8221;][vc_column offset=&#8221;vc_col-lg-4 vc_col-md-4&#8243;]<div class=\"aio-icon-component  vc_custom_1639597679980   style_1\"><div id=\"Info-box-wrap-5563\" class=\"aio-icon-box left-icon\" style=\"\"  ><div class=\"aio-icon-left\"><div class=\"ult-just-icon-wrapper  \"><div class=\"align-icon\" style=\"text-align:center;\">\n<div class=\"aio-icon none \"  style=\"color:#2f4980;font-size:20px;display:inline-block;\">\n\t<i class=\"icomoon-free-social-contact-16x16-home\"><\/i>\n<\/div><\/div><\/div><\/div><div class=\"aio-ibd-block\"><div class=\"aio-icon-header\" ><h3 class=\"aio-icon-title ult-responsive\"  data-ultimate-target='#Info-box-wrap-5563 .aio-icon-title'  data-responsive-json-new='{\"font-size\":\"desktop:16px;\",\"line-height\":\"desktop:26px;\"}'  style=\"font-family:&#039;Montserrat&#039;;font-weight:700;\">Direcci\u00f3n<\/h3><\/div> <!-- header --><div class=\"aio-icon-description ult-responsive\"  data-ultimate-target='#Info-box-wrap-5563 .aio-icon-description'  data-responsive-json-new='{\"font-size\":\"\",\"line-height\":\"\"}'  style=\"\">Rodriguez 24 &#8211; Bah\u00eda Blanca, Buenos Aires<br \/>\nColectoras 1030 &#8211; Las Grutas, R\u00edo Negro<\/div> <!-- description --><\/div> <!-- aio-ibd-block --><\/div> <!-- aio-icon-box --><\/div> <!-- aio-icon-component --><div class=\"aio-icon-component  vc_custom_1709054152410   style_1\"><div id=\"Info-box-wrap-7366\" class=\"aio-icon-box left-icon\" style=\"\"  ><div class=\"aio-icon-left\"><div class=\"ult-just-icon-wrapper  \"><div class=\"align-icon\" style=\"text-align:center;\">\n<div class=\"aio-icon none \"  style=\"color:#2f4980;font-size:20px;display:inline-block;\">\n\t<i class=\"icomoon-the7-font-whatsapp\"><\/i>\n<\/div><\/div><\/div><\/div><div class=\"aio-ibd-block\"><div class=\"aio-icon-header\" ><h3 class=\"aio-icon-title ult-responsive\"  data-ultimate-target='#Info-box-wrap-7366 .aio-icon-title'  data-responsive-json-new='{\"font-size\":\"desktop:16px;\",\"line-height\":\"desktop:26px;\"}'  style=\"font-family:&#039;Montserrat&#039;;font-weight:700;\">WhatsApp<\/h3><\/div> <!-- header --><div class=\"aio-icon-description ult-responsive\"  data-ultimate-target='#Info-box-wrap-7366 .aio-icon-description'  data-responsive-json-new='{\"font-size\":\"\",\"line-height\":\"\"}'  style=\"\">291 501 3584<\/div> <!-- description --><\/div> <!-- aio-ibd-block --><\/div> <!-- aio-icon-box --><\/div> <!-- aio-icon-component -->[\/vc_column][vc_column offset=&#8221;vc_col-lg-4 vc_col-md-4&#8243;]<div class=\"aio-icon-component  vc_custom_1709054179680   style_1\"><div id=\"Info-box-wrap-6760\" class=\"aio-icon-box left-icon\" style=\"\"  ><div class=\"aio-icon-left\"><div class=\"ult-just-icon-wrapper  \"><div class=\"align-icon\" style=\"text-align:center;\">\n<div class=\"aio-icon none \"  style=\"color:#2f4980;font-size:20px;display:inline-block;\">\n\t<i class=\"icomoon-free-social-contact-16x16-phone\"><\/i>\n<\/div><\/div><\/div><\/div><div class=\"aio-ibd-block\"><div class=\"aio-icon-header\" ><h3 class=\"aio-icon-title ult-responsive\"  data-ultimate-target='#Info-box-wrap-6760 .aio-icon-title'  data-responsive-json-new='{\"font-size\":\"desktop:16px;\",\"line-height\":\"desktop:26px;\"}'  style=\"font-family:&#039;Montserrat&#039;;font-weight:700;\">Tel\u00e9fono<\/h3><\/div> <!-- header --><div class=\"aio-icon-description ult-responsive\"  data-ultimate-target='#Info-box-wrap-6760 .aio-icon-description'  data-responsive-json-new='{\"font-size\":\"\",\"line-height\":\"\"}'  style=\"\">291 507 5366<\/div> <!-- description --><\/div> <!-- aio-ibd-block --><\/div> <!-- aio-icon-box --><\/div> <!-- aio-icon-component --><div class=\"aio-icon-component  vc_custom_1639597738520   style_1\"><div id=\"Info-box-wrap-5846\" class=\"aio-icon-box left-icon\" style=\"\"  ><div class=\"aio-icon-left\"><div class=\"ult-just-icon-wrapper  \"><div class=\"align-icon\" style=\"text-align:center;\">\n<div class=\"aio-icon none \"  style=\"color:#2f4980;font-size:20px;display:inline-block;\">\n\t<i class=\"icomoon-free-social-contact-16x16-envelop\"><\/i>\n<\/div><\/div><\/div><\/div><div class=\"aio-ibd-block\"><div class=\"aio-icon-header\" ><h3 class=\"aio-icon-title ult-responsive\"  data-ultimate-target='#Info-box-wrap-5846 .aio-icon-title'  data-responsive-json-new='{\"font-size\":\"desktop:16px;\",\"line-height\":\"desktop:26px;\"}'  style=\"font-family:&#039;Montserrat&#039;;font-weight:700;\">Email<\/h3><\/div> <!-- header --><div class=\"aio-icon-description ult-responsive\"  data-ultimate-target='#Info-box-wrap-5846 .aio-icon-description'  data-responsive-json-new='{\"font-size\":\"\",\"line-height\":\"\"}'  style=\"\">termomecanicasrl@gmail.com<\/div> <!-- description --><\/div> <!-- aio-ibd-block --><\/div> <!-- aio-icon-box --><\/div> <!-- aio-icon-component -->[\/vc_column][vc_column offset=&#8221;vc_col-lg-4 vc_col-md-4&#8243;]<div class=\"aio-icon-component  vc_custom_1635027498771   style_1\"><div id=\"Info-box-wrap-7651\" class=\"aio-icon-box left-icon\" style=\"\"  ><div class=\"aio-icon-left\"><div class=\"ult-just-icon-wrapper  \"><div class=\"align-icon\" style=\"text-align:center;\">\n<div class=\"aio-icon none \"  style=\"color:#2f4980;font-size:20px;display:inline-block;\">\n\t<i class=\"icomoon-free-social-contact-16x16-clock\"><\/i>\n<\/div><\/div><\/div><\/div><div class=\"aio-ibd-block\"><div class=\"aio-icon-header\" ><h3 class=\"aio-icon-title ult-responsive\"  data-ultimate-target='#Info-box-wrap-7651 .aio-icon-title'  data-responsive-json-new='{\"font-size\":\"desktop:16px;\",\"line-height\":\"desktop:26px;\"}'  style=\"font-family:&#039;Montserrat&#039;;font-weight:700;\">Horarios<\/h3><\/div> <!-- header --><div class=\"aio-icon-description ult-responsive\"  data-ultimate-target='#Info-box-wrap-7651 .aio-icon-description'  data-responsive-json-new='{\"font-size\":\"\",\"line-height\":\"\"}'  style=\"\">Lunes a viernes &#8230;&#8230;&#8230;&#8230;&#8230; 9 am &#8211; 18 pm<\/p>\n<p>S\u00e1bados &#8230;&#8230;&#8230;&#8230;&#8230; Cerrado<\/div> <!-- description --><\/div> <!-- aio-ibd-block --><\/div> <!-- aio-icon-box --><\/div> <!-- aio-icon-component -->[\/vc_column][\/vc_row][vc_row css=&#8221;.vc_custom_1633708166667{background-color: #f2f2f2 !important;}&#8221;][vc_column]<div id=\"ultimate-heading-557069f2b00b8e192\" class=\"uvc-heading ult-adjust-bottom-margin ultimate-heading-557069f2b00b8e192 uvc-2803  uvc-heading-default-font-sizes\" data-hspacer=\"line_only\"  data-halign=\"center\" style=\"text-align:center\"><div class=\"uvc-main-heading ult-responsive\"  data-ultimate-target='.uvc-heading.ultimate-heading-557069f2b00b8e192 h2'  data-responsive-json-new='{\"font-size\":\"\",\"line-height\":\"\"}' ><h2 style=\"font-weight:bold;margin-bottom:10px;\">Ubicaci\u00f3n<\/h2><\/div><div class=\"uvc-heading-spacer line_only\" style=\"margin-bottom:30px;height:2px;\"><span class=\"uvc-headings-line\" style=\"border-style:solid;border-bottom-width:2px;border-color:#2f4980;width:50px;\"><\/span><\/div><\/div>[vc_column_text]<iframe loading=\"lazy\" style=\"border: 0;\" src=\"https:\/\/www.google.com\/maps\/embed?pb=!1m18!1m12!1m3!1d3113.065271265029!2d-62.26802050073723!3d-38.71631039959865!2m3!1f0!2f0!3f0!3m2!1i1024!2i768!4f13.1!3m3!1m2!1s0x95edbcadcfdb72d3%3A0x56174a94e2c776f7!2sMartiniano%20Rodriguez%2024%2C%20B8000HSB%20Bah%C3%ADa%20Blanca%2C%20Provincia%20de%20Buenos%20Aires!5e0!3m2!1ses-419!2sar!4v1633707986724!5m2!1ses-419!2sar\" width=\"100%\" height=\"350\" allowfullscreen=\"allowfullscreen\"><\/iframe>[\/vc_column_text][\/vc_column][\/vc_row]<\/p>\n","protected":false},"excerpt":{"rendered":"<p>[vc_row content_placement=&#8221;top&#8221; type=&#8221;vc_default&#8221; css=&#8221;.vc_custom_1633707831617{margin-top: -20px !important;padding-top: 0px !important;padding-bottom: 30px !important;}&#8221;][vc_column offset=&#8221;vc_col-lg-4 vc_col-md-4&#8243;][\/vc_column][vc_column offset=&#8221;vc_col-lg-4 vc_col-md-4&#8243;][\/vc_column][vc_column offset=&#8221;vc_col-lg-4 vc_col-md-4&#8243;][\/vc_column][\/vc_row][vc_row css=&#8221;.vc_custom_1633708166667{background-color: #f2f2f2 !important;}&#8221;][vc_column][vc_column_text][\/vc_column_text][\/vc_column][\/vc_row]<\/p>\n","protected":false},"author":1,"featured_media":0,"parent":0,"menu_order":6,"comment_status":"closed","ping_status":"closed","template":"","meta":{"_joinchat":[],"footnotes":""},"class_list":["post-86","page","type-page","status-publish","hentry","description-off"],"yoast_head":"<!-- This site is optimized with the Yoast SEO plugin v27.0 - https:\/\/yoast.com\/product\/yoast-seo-wordpress\/ -->\n<title>Contacto - Instalaciones Termomecanica S.R.L.<\/title>\n<meta name=\"robots\" content=\"index, follow, max-snippet:-1, max-image-preview:large, max-video-preview:-1\" \/>\n<link rel=\"canonical\" href=\"http:\/\/termomecanicasrl.com.ar\/2021\/?page_id=86\" \/>\n<meta property=\"og:locale\" content=\"es_ES\" \/>\n<meta property=\"og:type\" content=\"article\" \/>\n<meta property=\"og:title\" content=\"Contacto - Instalaciones Termomecanica S.R.L.\" \/>\n<meta property=\"og:description\" content=\"[vc_row content_placement=&#8221;top&#8221; type=&#8221;vc_default&#8221; css=&#8221;.vc_custom_1633707831617{margin-top: -20px !important;padding-top: 0px !important;padding-bottom: 30px !important;}&#8221;][vc_column offset=&#8221;vc_col-lg-4 vc_col-md-4&#8243;][\/vc_column][vc_column offset=&#8221;vc_col-lg-4 vc_col-md-4&#8243;][\/vc_column][vc_column offset=&#8221;vc_col-lg-4 vc_col-md-4&#8243;][\/vc_column][\/vc_row][vc_row css=&#8221;.vc_custom_1633708166667{background-color: #f2f2f2 !important;}&#8221;][vc_column][vc_column_text][\/vc_column_text][\/vc_column][\/vc_row]\" \/>\n<meta property=\"og:url\" content=\"http:\/\/termomecanicasrl.com.ar\/2021\/?page_id=86\" \/>\n<meta property=\"og:site_name\" content=\"Instalaciones Termomecanica S.R.L.\" \/>\n<meta property=\"article:modified_time\" content=\"2024-02-27T17:16:26+00:00\" \/>\n<meta name=\"twitter:card\" content=\"summary_large_image\" \/>\n<meta name=\"twitter:label1\" content=\"Tiempo de lectura\" \/>\n\t<meta name=\"twitter:data1\" content=\"1 minuto\" \/>\n<script type=\"application\/ld+json\" class=\"yoast-schema-graph\">{\"@context\":\"https:\/\/schema.org\",\"@graph\":[{\"@type\":\"WebPage\",\"@id\":\"http:\/\/termomecanicasrl.com.ar\/2021\/?page_id=86\",\"url\":\"http:\/\/termomecanicasrl.com.ar\/2021\/?page_id=86\",\"name\":\"Contacto - Instalaciones Termomecanica S.R.L.\",\"isPartOf\":{\"@id\":\"http:\/\/termomecanicasrl.com.ar\/2021\/#website\"},\"datePublished\":\"2016-06-07T22:57:55+00:00\",\"dateModified\":\"2024-02-27T17:16:26+00:00\",\"breadcrumb\":{\"@id\":\"http:\/\/termomecanicasrl.com.ar\/2021\/?page_id=86#breadcrumb\"},\"inLanguage\":\"es-AR\",\"potentialAction\":[{\"@type\":\"ReadAction\",\"target\":[\"http:\/\/termomecanicasrl.com.ar\/2021\/?page_id=86\"]}]},{\"@type\":\"BreadcrumbList\",\"@id\":\"http:\/\/termomecanicasrl.com.ar\/2021\/?page_id=86#breadcrumb\",\"itemListElement\":[{\"@type\":\"ListItem\",\"position\":1,\"name\":\"Inicio\",\"item\":\"http:\/\/termomecanicasrl.com.ar\/2021\/\"},{\"@type\":\"ListItem\",\"position\":2,\"name\":\"Contacto\"}]},{\"@type\":\"WebSite\",\"@id\":\"http:\/\/termomecanicasrl.com.ar\/2021\/#website\",\"url\":\"http:\/\/termomecanicasrl.com.ar\/2021\/\",\"name\":\"Instalaciones Termomecanica S.R.L.\",\"description\":\"Actividad en refrigeraci\u00f3n, rebobinados de motores el\u00e9ctricos y generadores de electricidad e instalaci\u00f3n el\u00e9ctrica.\",\"potentialAction\":[{\"@type\":\"SearchAction\",\"target\":{\"@type\":\"EntryPoint\",\"urlTemplate\":\"http:\/\/termomecanicasrl.com.ar\/2021\/?s={search_term_string}\"},\"query-input\":{\"@type\":\"PropertyValueSpecification\",\"valueRequired\":true,\"valueName\":\"search_term_string\"}}],\"inLanguage\":\"es-AR\"}]}<\/script>\n<!-- \/ Yoast SEO plugin. -->","yoast_head_json":{"title":"Contacto - Instalaciones Termomecanica S.R.L.","robots":{"index":"index","follow":"follow","max-snippet":"max-snippet:-1","max-image-preview":"max-image-preview:large","max-video-preview":"max-video-preview:-1"},"canonical":"http:\/\/termomecanicasrl.com.ar\/2021\/?page_id=86","og_locale":"es_ES","og_type":"article","og_title":"Contacto - Instalaciones Termomecanica S.R.L.","og_description":"[vc_row content_placement=&#8221;top&#8221; type=&#8221;vc_default&#8221; css=&#8221;.vc_custom_1633707831617{margin-top: -20px !important;padding-top: 0px !important;padding-bottom: 30px !important;}&#8221;][vc_column offset=&#8221;vc_col-lg-4 vc_col-md-4&#8243;][\/vc_column][vc_column offset=&#8221;vc_col-lg-4 vc_col-md-4&#8243;][\/vc_column][vc_column offset=&#8221;vc_col-lg-4 vc_col-md-4&#8243;][\/vc_column][\/vc_row][vc_row css=&#8221;.vc_custom_1633708166667{background-color: #f2f2f2 !important;}&#8221;][vc_column][vc_column_text][\/vc_column_text][\/vc_column][\/vc_row]","og_url":"http:\/\/termomecanicasrl.com.ar\/2021\/?page_id=86","og_site_name":"Instalaciones Termomecanica S.R.L.","article_modified_time":"2024-02-27T17:16:26+00:00","twitter_card":"summary_large_image","twitter_misc":{"Tiempo de lectura":"1 minuto"},"schema":{"@context":"https:\/\/schema.org","@graph":[{"@type":"WebPage","@id":"http:\/\/termomecanicasrl.com.ar\/2021\/?page_id=86","url":"http:\/\/termomecanicasrl.com.ar\/2021\/?page_id=86","name":"Contacto - Instalaciones Termomecanica S.R.L.","isPartOf":{"@id":"http:\/\/termomecanicasrl.com.ar\/2021\/#website"},"datePublished":"2016-06-07T22:57:55+00:00","dateModified":"2024-02-27T17:16:26+00:00","breadcrumb":{"@id":"http:\/\/termomecanicasrl.com.ar\/2021\/?page_id=86#breadcrumb"},"inLanguage":"es-AR","potentialAction":[{"@type":"ReadAction","target":["http:\/\/termomecanicasrl.com.ar\/2021\/?page_id=86"]}]},{"@type":"BreadcrumbList","@id":"http:\/\/termomecanicasrl.com.ar\/2021\/?page_id=86#breadcrumb","itemListElement":[{"@type":"ListItem","position":1,"name":"Inicio","item":"http:\/\/termomecanicasrl.com.ar\/2021\/"},{"@type":"ListItem","position":2,"name":"Contacto"}]},{"@type":"WebSite","@id":"http:\/\/termomecanicasrl.com.ar\/2021\/#website","url":"http:\/\/termomecanicasrl.com.ar\/2021\/","name":"Instalaciones Termomecanica S.R.L.","description":"Actividad en refrigeraci\u00f3n, rebobinados de motores el\u00e9ctricos y generadores de electricidad e instalaci\u00f3n el\u00e9ctrica.","potentialAction":[{"@type":"SearchAction","target":{"@type":"EntryPoint","urlTemplate":"http:\/\/termomecanicasrl.com.ar\/2021\/?s={search_term_string}"},"query-input":{"@type":"PropertyValueSpecification","valueRequired":true,"valueName":"search_term_string"}}],"inLanguage":"es-AR"}]}},"_links":{"self":[{"href":"http:\/\/termomecanicasrl.com.ar\/2021\/index.php?rest_route=\/wp\/v2\/pages\/86","targetHints":{"allow":["GET"]}}],"collection":[{"href":"http:\/\/termomecanicasrl.com.ar\/2021\/index.php?rest_route=\/wp\/v2\/pages"}],"about":[{"href":"http:\/\/termomecanicasrl.com.ar\/2021\/index.php?rest_route=\/wp\/v2\/types\/page"}],"author":[{"embeddable":true,"href":"http:\/\/termomecanicasrl.com.ar\/2021\/index.php?rest_route=\/wp\/v2\/users\/1"}],"replies":[{"embeddable":true,"href":"http:\/\/termomecanicasrl.com.ar\/2021\/index.php?rest_route=%2Fwp%2Fv2%2Fcomments&post=86"}],"version-history":[{"count":8,"href":"http:\/\/termomecanicasrl.com.ar\/2021\/index.php?rest_route=\/wp\/v2\/pages\/86\/revisions"}],"predecessor-version":[{"id":1074,"href":"http:\/\/termomecanicasrl.com.ar\/2021\/index.php?rest_route=\/wp\/v2\/pages\/86\/revisions\/1074"}],"wp:attachment":[{"href":"http:\/\/termomecanicasrl.com.ar\/2021\/index.php?rest_route=%2Fwp%2Fv2%2Fmedia&parent=86"}],"curies":[{"name":"wp","href":"https:\/\/api.w.org\/{rel}","templated":true}]}}