{"id":56,"date":"2016-06-07T23:06:57","date_gmt":"2016-06-08T02:06:57","guid":{"rendered":"https:\/\/the7.io\/psy\/?page_id=56"},"modified":"2021-11-12T18:21:17","modified_gmt":"2021-11-12T21:21:17","slug":"trainings-seminars-lections","status":"publish","type":"page","link":"http:\/\/termomecanicasrl.com.ar\/2021\/?page_id=56","title":{"rendered":"Ventilaci\u00f3n &#8211; E\u00f3lica Reforzada"},"content":{"rendered":"<p>[vc_row type=&#8221;vc_default&#8221; css=&#8221;.vc_custom_1474212570146{margin-bottom: -50px !important;}&#8221;][vc_column offset=&#8221;vc_col-lg-8 vc_col-md-8 vc_col-xs-12&#8243; css=&#8221;.vc_custom_1474210659519{margin-bottom: 50px !important;padding-right: 25px !important;padding-left: 25px !important;}&#8221;]<style type=\"text\/css\" data-type=\"the7_shortcodes-inline-css\">.shortcode-single-image-wrap.shortcode-single-image-bd339c1e2a05c6a42cc384898c02d3cf.enable-bg-rollover .rollover i,\n.shortcode-single-image-wrap.shortcode-single-image-bd339c1e2a05c6a42cc384898c02d3cf.enable-bg-rollover .rollover-video i {\n  background: -webkit-linear-gradient();\n  background: linear-gradient();\n}\n.shortcode-single-image-wrap.shortcode-single-image-bd339c1e2a05c6a42cc384898c02d3cf .rollover-icon {\n  font-size: 32px;\n  color: #ffffff;\n  min-width: 44px;\n  min-height: 44px;\n  line-height: 44px;\n  border-radius: 100px;\n  border-style: solid;\n  border-width: 0px;\n}\n.dt-icon-bg-on.shortcode-single-image-wrap.shortcode-single-image-bd339c1e2a05c6a42cc384898c02d3cf .rollover-icon {\n  background: rgba(255,255,255,0.3);\n  box-shadow: none;\n}\n<\/style><div class=\"shortcode-single-image-wrap shortcode-single-image-bd339c1e2a05c6a42cc384898c02d3cf alignnone  enable-bg-rollover dt-icon-bg-off\" style=\"margin-top:0px; margin-bottom:0px; margin-left:0px; margin-right:0px; width:1000px;\"><div class=\"shortcode-single-image\"><div class=\"fancy-media-wrap  layzr-bg\" style=\"\"><img loading=\"lazy\" decoding=\"async\" class=\"preload-me lazy-load\" src=\"data:image\/svg+xml,%3Csvg%20xmlns%3D&#39;http%3A%2F%2Fwww.w3.org%2F2000%2Fsvg&#39;%20viewBox%3D&#39;0%200%201000%20500&#39;%2F%3E\" data-src=\"http:\/\/termomecanicasrl.com.ar\/2021\/wp-content\/uploads\/2021\/10\/ventilacion.jpg\" data-srcset=\"http:\/\/termomecanicasrl.com.ar\/2021\/wp-content\/uploads\/2021\/10\/ventilacion.jpg 1000w\" width=\"1000\" height=\"500\"  data-dt-location=\"http:\/\/termomecanicasrl.com.ar\/2021\/?attachment_id=758\" style=\"\" alt=\"\" \/><\/div><\/div><\/div><div id=\"ultimate-heading-681469f2adfb8e38f\" class=\"uvc-heading ult-adjust-bottom-margin ultimate-heading-681469f2adfb8e38f uvc-6987  uvc-heading-default-font-sizes\" data-hspacer=\"line_only\"  data-halign=\"left\" style=\"text-align:left\"><div class=\"uvc-main-heading ult-responsive\"  data-ultimate-target='.uvc-heading.ultimate-heading-681469f2adfb8e38f h2'  data-responsive-json-new='{\"font-size\":\"\",\"line-height\":\"\"}' ><h2 style=\"font-weight:bold;margin-top:30px;margin-bottom:10px;\">Ventilaci\u00f3n E\u00f3lica Reforzada<\/h2><\/div><div class=\"uvc-heading-spacer line_only\" style=\"margin-bottom:30px;height:2px;\"><span class=\"uvc-headings-line\" style=\"border-style:solid;border-bottom-width:2px;border-color:#269acc;width:50px;\"><\/span><\/div><\/div>[vc_column_text]<\/p>\n<p class=\"style1\" align=\"left\">Este sistema sirve para ser instalado en lugares de vientos muy fuertes, por su gran calidad y refuerzo, permitiendo una gran durabilidad.<\/p>\n<p>[\/vc_column_text][vc_column_text]<\/p>\n<table border=\"0\" width=\"100%\" cellspacing=\"0\" cellpadding=\"0\">\n<tbody>\n<tr>\n<td bgcolor=\"#51A8B1\">\n<div align=\"center\"><span style=\"color: #ffffff;\"><strong>TABLA DE RENDIMIENTOS<br \/>\n<\/strong><\/span><\/div>\n<\/td>\n<td bgcolor=\"#51A8B1\">\n<div align=\"center\"><span style=\"color: #ffffff;\"><strong>\u00a0<\/strong><\/span><\/div>\n<\/td>\n<td bgcolor=\"#51A8B1\">\n<div align=\"center\"><span style=\"color: #ffffff;\"><strong>\u00a0<\/strong><\/span><\/div>\n<\/td>\n<td bgcolor=\"#51A8B1\">\n<div align=\"center\"><\/div>\n<\/td>\n<\/tr>\n<tr>\n<td bgcolor=\"#E3ECF0\"><strong>Modelo Estractor<br \/>\n<\/strong><\/td>\n<td bgcolor=\"#E3ECF0\">\n<div align=\"center\"><strong>Velocidad de viento<\/strong><\/div>\n<\/td>\n<td bgcolor=\"#E3ECF0\">\n<div align=\"center\"><\/div>\n<\/td>\n<td bgcolor=\"#E3ECF0\">\n<div align=\"center\"><\/div>\n<\/td>\n<\/tr>\n<tr>\n<td bgcolor=\"#E3ECF0\"><\/td>\n<td bgcolor=\"#E3ECF0\">\n<div align=\"center\">5 Km\/H<\/div>\n<\/td>\n<td bgcolor=\"#E3ECF0\">\n<div align=\"center\">10 Km\/H<\/div>\n<\/td>\n<td bgcolor=\"#E3ECF0\">\n<div align=\"center\">15 Km\/H<\/div>\n<\/td>\n<\/tr>\n<tr>\n<td bgcolor=\"#E3ECF0\"><strong>VG 16<br \/>\n<\/strong><\/td>\n<td bgcolor=\"#E3ECF0\">\n<div align=\"center\">1.500<\/div>\n<\/td>\n<td bgcolor=\"#E3ECF0\">\n<div align=\"center\">2.300<\/div>\n<\/td>\n<td bgcolor=\"#E3ECF0\">\n<div align=\"center\">3.400<\/div>\n<\/td>\n<\/tr>\n<tr>\n<td bgcolor=\"#E3ECF0\"><strong>VG 24<br \/>\n<\/strong><\/td>\n<td bgcolor=\"#E3ECF0\">\n<div align=\"center\">2.300<\/div>\n<\/td>\n<td bgcolor=\"#E3ECF0\">\n<div align=\"center\">4.700<\/div>\n<\/td>\n<td bgcolor=\"#E3ECF0\">\n<div align=\"center\">6.500<\/div>\n<\/td>\n<\/tr>\n<tr>\n<td bgcolor=\"#E3ECF0\"><strong>VG30<\/strong><\/td>\n<td bgcolor=\"#E3ECF0\">\n<div align=\"center\">3.600<\/div>\n<\/td>\n<td bgcolor=\"#E3ECF0\">\n<div align=\"center\">6.000<\/div>\n<\/td>\n<td bgcolor=\"#E3ECF0\">\n<div align=\"center\">8.500<\/div>\n<\/td>\n<\/tr>\n<\/tbody>\n<\/table>\n<p>[\/vc_column_text][vc_row_inner][vc_column_inner width=&#8221;1\/2&#8243;]<style type=\"text\/css\" data-type=\"the7_shortcodes-inline-css\">.shortcode-single-image-wrap.shortcode-single-image-2915d13354dbd5316dbb9479ae2ebd15.enable-bg-rollover .rollover i,\n.shortcode-single-image-wrap.shortcode-single-image-2915d13354dbd5316dbb9479ae2ebd15.enable-bg-rollover .rollover-video i {\n  background: -webkit-linear-gradient();\n  background: linear-gradient();\n}\n.shortcode-single-image-wrap.shortcode-single-image-2915d13354dbd5316dbb9479ae2ebd15 .rollover-icon {\n  font-size: 32px;\n  color: #ffffff;\n  min-width: 44px;\n  min-height: 44px;\n  line-height: 44px;\n  border-radius: 100px;\n  border-style: solid;\n  border-width: 0px;\n}\n.dt-icon-bg-on.shortcode-single-image-wrap.shortcode-single-image-2915d13354dbd5316dbb9479ae2ebd15 .rollover-icon {\n  background: rgba(255,255,255,0.3);\n  box-shadow: none;\n}\n<\/style><div class=\"shortcode-single-image-wrap shortcode-single-image-2915d13354dbd5316dbb9479ae2ebd15 alignnone  enable-bg-rollover dt-icon-bg-off\" style=\"margin-top:0px; margin-bottom:0px; margin-left:0px; margin-right:0px; width:250px;\"><div class=\"shortcode-single-image\"><div class=\"fancy-media-wrap  layzr-bg\" style=\"\"><img loading=\"lazy\" decoding=\"async\" class=\"preload-me lazy-load\" src=\"data:image\/svg+xml,%3Csvg%20xmlns%3D&#39;http%3A%2F%2Fwww.w3.org%2F2000%2Fsvg&#39;%20viewBox%3D&#39;0%200%20250%20277&#39;%2F%3E\" data-src=\"http:\/\/termomecanicasrl.com.ar\/2021\/wp-content\/uploads\/2021\/10\/extractor-grafico.jpg\" data-srcset=\"http:\/\/termomecanicasrl.com.ar\/2021\/wp-content\/uploads\/2021\/10\/extractor-grafico.jpg 250w\" width=\"250\" height=\"277\"  data-dt-location=\"http:\/\/termomecanicasrl.com.ar\/2021\/?attachment_id=807\" style=\"\" alt=\"\" \/><\/div><\/div><\/div>[\/vc_column_inner][vc_column_inner width=&#8221;1\/2&#8243;][vc_column_text]<\/p>\n<table border=\"0\" width=\"100%\" cellspacing=\"0\" cellpadding=\"0\">\n<tbody>\n<tr>\n<td bgcolor=\"#51A8B1\">\n<div align=\"center\"><span style=\"color: #ffffff;\"><strong>DIMENSIONES<br \/>\n<\/strong><\/span><\/div>\n<\/td>\n<td bgcolor=\"#51A8B1\">\n<div align=\"center\"><span style=\"color: #ffffff;\"><strong>\u00a0<\/strong><\/span><\/div>\n<\/td>\n<td bgcolor=\"#51A8B1\">\n<div align=\"center\"><span style=\"color: #ffffff;\"><strong>\u00a0<\/strong><\/span><\/div>\n<\/td>\n<td bgcolor=\"#51A8B1\">\n<div align=\"center\"><\/div>\n<\/td>\n<td bgcolor=\"#51A8B1\">\n<div align=\"center\"><\/div>\n<\/td>\n<\/tr>\n<tr>\n<td bgcolor=\"#E3ECF0\"><strong>Modelo<br \/>\n<\/strong><\/td>\n<td bgcolor=\"#E3ECF0\">\n<div align=\"center\"><strong>A<\/strong><\/div>\n<\/td>\n<td bgcolor=\"#E3ECF0\">\n<div align=\"center\"><strong>B<\/strong><\/div>\n<\/td>\n<td bgcolor=\"#E3ECF0\">\n<div align=\"center\"><strong>C<\/strong><\/div>\n<\/td>\n<td bgcolor=\"#E3ECF0\">\n<div align=\"center\"><strong>KG<\/strong><\/div>\n<\/td>\n<\/tr>\n<tr>\n<td bgcolor=\"#E3ECF0\"><strong>VG 30<\/strong><\/td>\n<td bgcolor=\"#E3ECF0\">\n<div align=\"center\">760<\/div>\n<\/td>\n<td bgcolor=\"#E3ECF0\">\n<div align=\"center\">1005<\/div>\n<\/td>\n<td bgcolor=\"#E3ECF0\">\n<div align=\"center\">720<\/div>\n<\/td>\n<td bgcolor=\"#E3ECF0\">\n<div align=\"center\">8.700<\/div>\n<\/td>\n<\/tr>\n<tr>\n<td bgcolor=\"#E3ECF0\"><strong>VG 24<br \/>\n<\/strong><\/td>\n<td bgcolor=\"#E3ECF0\">\n<div align=\"center\">600<\/div>\n<\/td>\n<td bgcolor=\"#E3ECF0\">\n<div align=\"center\">935<\/div>\n<\/td>\n<td bgcolor=\"#E3ECF0\">\n<div align=\"center\">640<\/div>\n<\/td>\n<td bgcolor=\"#E3ECF0\">\n<div align=\"center\">7.100<\/div>\n<\/td>\n<\/tr>\n<tr>\n<td bgcolor=\"#E3ECF0\"><strong>VG 16<br \/>\n<\/strong><\/td>\n<td bgcolor=\"#E3ECF0\">\n<div align=\"center\">380<\/div>\n<\/td>\n<td bgcolor=\"#E3ECF0\">\n<div align=\"center\">680<\/div>\n<\/td>\n<td bgcolor=\"#E3ECF0\">\n<div align=\"center\">525<\/div>\n<\/td>\n<td bgcolor=\"#E3ECF0\">\n<div align=\"center\">4.500<\/div>\n<\/td>\n<\/tr>\n<tr>\n<td bgcolor=\"#E3ECF0\"><strong>VG 8<br \/>\n<\/strong><\/td>\n<td bgcolor=\"#E3ECF0\">\n<div align=\"center\">200<\/div>\n<\/td>\n<td bgcolor=\"#E3ECF0\">\n<div align=\"center\">380<\/div>\n<\/td>\n<td bgcolor=\"#E3ECF0\">\n<div align=\"center\">430<\/div>\n<\/td>\n<td bgcolor=\"#E3ECF0\">\n<div align=\"center\">1.100<\/div>\n<\/td>\n<\/tr>\n<\/tbody>\n<\/table>\n<p>[\/vc_column_text][\/vc_column_inner][\/vc_row_inner][\/vc_column][vc_column offset=&#8221;vc_col-lg-4 vc_col-md-4 vc_col-xs-12&#8243; css=&#8221;.vc_custom_1474210785130{margin-bottom: 50px !important;padding-right: 25px !important;padding-left: 25px !important;}&#8221;][vc_row_inner css=&#8221;.vc_custom_1474210891220{padding-right: 25px !important;padding-left: 25px !important;}&#8221;][vc_column_inner css=&#8221;.vc_custom_1474211073851{padding-top: 30px !important;padding-right: 30px !important;padding-bottom: 15px !important;padding-left: 30px !important;background-color: #f4f4f4 !important;}&#8221;]<div id=\"ultimate-heading-901069f2adfb8f8aa\" class=\"uvc-heading ult-adjust-bottom-margin ultimate-heading-901069f2adfb8f8aa uvc-5427  uvc-heading-default-font-sizes\" data-hspacer=\"line_only\"  data-halign=\"left\" style=\"text-align:left\"><div class=\"uvc-main-heading ult-responsive\"  data-ultimate-target='.uvc-heading.ultimate-heading-901069f2adfb8f8aa h3'  data-responsive-json-new='{\"font-size\":\"\",\"line-height\":\"\"}' ><h3 style=\"font-weight:bold;margin-top:30px;margin-bottom:10px;\">Nuestro Cat\u00e1logo<\/h3><\/div><div class=\"uvc-heading-spacer line_only\" style=\"margin-bottom:30px;height:1px;\"><span class=\"uvc-headings-line\" style=\"border-style:solid;border-bottom-width:1px;border-color:#269acc;width:30px;\"><\/span><\/div><\/div>[vc_widget_sidebar show_bg=&#8221;false&#8221; sidebar_id=&#8221;sidebar_4&#8243;][\/vc_column_inner][vc_column_inner css=&#8221;.vc_custom_1474210997759{margin-top: 30px !important;padding-top: 30px !important;padding-right: 30px !important;padding-bottom: 20px !important;padding-left: 30px !important;background-color: #f4f4f4 !important;}&#8221;]<div id=\"ultimate-heading-574769f2adfb8f919\" class=\"uvc-heading ult-adjust-bottom-margin ultimate-heading-574769f2adfb8f919 uvc-708  uvc-heading-default-font-sizes\" data-hspacer=\"line_only\"  data-halign=\"left\" style=\"text-align:left\"><div class=\"uvc-main-heading ult-responsive\"  data-ultimate-target='.uvc-heading.ultimate-heading-574769f2adfb8f919 h3'  data-responsive-json-new='{\"font-size\":\"\",\"line-height\":\"\"}' ><h3 style=\"font-weight:bold;margin-top:30px;margin-bottom:10px;\">Cons\u00faltenos<\/h3><\/div><div class=\"uvc-heading-spacer line_only\" style=\"margin-bottom:30px;height:1px;\"><span class=\"uvc-headings-line\" style=\"border-style:solid;border-bottom-width:1px;border-color:#269acc;width:30px;\"><\/span><\/div><\/div>[vc_column_text css=&#8221;.vc_custom_1634859559652{padding-bottom: 25px !important;}&#8221;]Solicite su presupuesto[\/vc_column_text]<form class=\"dt-contact-form dt-form\" method=\"post\"><input type=\"hidden\" name=\"widget_id\" value=\"presscore-contact-form-widget--1\" \/><input type=\"hidden\" name=\"send_message\" value=\"\" \/><input type=\"hidden\" name=\"security_token\" value=\"2e823c527f60b37e3015\"\/><div class=\"form-fields\"><span class=\"form-name\"><label class=\"assistive-text\">Name *<\/label><input type=\"text\" class=\"validate[required]\" placeholder=\"Name *\" name=\"name\" value=\"\" aria-required=\"true\">\n<\/span><span class=\"form-mail\"><label class=\"assistive-text\">E-mail *<\/label><input type=\"text\" class=\"validate[required,custom[email]]\" placeholder=\"E-mail *\" name=\"email\" value=\"\" aria-required=\"true\">\n<\/span><span class=\"form-telephone\"><label class=\"assistive-text\">Telephone<\/label><input type=\"text\" placeholder=\"Telephone\" name=\"telephone\" value=\"\" aria-required=\"false\">\n<\/span><\/div><span class=\"form-message\"><label class=\"assistive-text\">Message *<\/label><textarea class=\"validate[required]\" placeholder=\"Message *\" name=\"message\" rows=\"4\" aria-required=\"true\"><\/textarea>\n<\/span><div class=\"the7-g-captcha\"><\/div><p><a href=\"#\" class=\"dt-btn dt-btn-m dt-btn-submit\" rel=\"nofollow\"><span>Enviar<\/span><\/a><input class=\"assistive-text\" type=\"submit\" value=\"submit\"><\/p><\/form>\n[\/vc_column_inner][\/vc_row_inner][\/vc_column][\/vc_row]<\/p>\n","protected":false},"excerpt":{"rendered":"<p>[vc_row type=&#8221;vc_default&#8221; css=&#8221;.vc_custom_1474212570146{margin-bottom: -50px !important;}&#8221;][vc_column offset=&#8221;vc_col-lg-8 vc_col-md-8 vc_col-xs-12&#8243; css=&#8221;.vc_custom_1474210659519{margin-bottom: 50px !important;padding-right: 25px !important;padding-left: 25px !important;}&#8221;][vc_column_text] Este sistema sirve para ser instalado en lugares de vientos muy fuertes, por su gran calidad y refuerzo, permitiendo una gran durabilidad. [\/vc_column_text][vc_column_text] TABLA DE RENDIMIENTOS \u00a0 \u00a0 Modelo Estractor Velocidad de viento 5 Km\/H 10 Km\/H 15 Km\/H VG&hellip;<\/p>\n","protected":false},"author":1,"featured_media":0,"parent":0,"menu_order":0,"comment_status":"closed","ping_status":"closed","template":"","meta":{"_joinchat":[],"footnotes":""},"class_list":["post-56","page","type-page","status-publish","hentry","description-off"],"yoast_head":"<!-- This site is optimized with the Yoast SEO plugin v27.0 - https:\/\/yoast.com\/product\/yoast-seo-wordpress\/ -->\n<title>Ventilaci\u00f3n - E\u00f3lica Reforzada - Instalaciones Termomecanica S.R.L.<\/title>\n<meta name=\"robots\" content=\"index, follow, max-snippet:-1, max-image-preview:large, max-video-preview:-1\" \/>\n<link rel=\"canonical\" href=\"http:\/\/termomecanicasrl.com.ar\/2021\/?page_id=56\" \/>\n<meta property=\"og:locale\" content=\"es_ES\" \/>\n<meta property=\"og:type\" content=\"article\" \/>\n<meta property=\"og:title\" content=\"Ventilaci\u00f3n - E\u00f3lica Reforzada - Instalaciones Termomecanica S.R.L.\" \/>\n<meta property=\"og:description\" content=\"[vc_row type=&#8221;vc_default&#8221; css=&#8221;.vc_custom_1474212570146{margin-bottom: -50px !important;}&#8221;][vc_column offset=&#8221;vc_col-lg-8 vc_col-md-8 vc_col-xs-12&#8243; css=&#8221;.vc_custom_1474210659519{margin-bottom: 50px !important;padding-right: 25px !important;padding-left: 25px !important;}&#8221;][vc_column_text] Este sistema sirve para ser instalado en lugares de vientos muy fuertes, por su gran calidad y refuerzo, permitiendo una gran durabilidad. [\/vc_column_text][vc_column_text] TABLA DE RENDIMIENTOS \u00a0 \u00a0 Modelo Estractor Velocidad de viento 5 Km\/H 10 Km\/H 15 Km\/H VG&hellip;\" \/>\n<meta property=\"og:url\" content=\"http:\/\/termomecanicasrl.com.ar\/2021\/?page_id=56\" \/>\n<meta property=\"og:site_name\" content=\"Instalaciones Termomecanica S.R.L.\" \/>\n<meta property=\"article:modified_time\" content=\"2021-11-12T21:21:17+00:00\" \/>\n<meta name=\"twitter:card\" content=\"summary_large_image\" \/>\n<meta name=\"twitter:label1\" content=\"Tiempo de lectura\" \/>\n\t<meta name=\"twitter:data1\" content=\"2 minutos\" \/>\n<script type=\"application\/ld+json\" class=\"yoast-schema-graph\">{\"@context\":\"https:\/\/schema.org\",\"@graph\":[{\"@type\":\"WebPage\",\"@id\":\"http:\/\/termomecanicasrl.com.ar\/2021\/?page_id=56\",\"url\":\"http:\/\/termomecanicasrl.com.ar\/2021\/?page_id=56\",\"name\":\"Ventilaci\u00f3n - E\u00f3lica Reforzada - Instalaciones Termomecanica S.R.L.\",\"isPartOf\":{\"@id\":\"http:\/\/termomecanicasrl.com.ar\/2021\/#website\"},\"datePublished\":\"2016-06-08T02:06:57+00:00\",\"dateModified\":\"2021-11-12T21:21:17+00:00\",\"breadcrumb\":{\"@id\":\"http:\/\/termomecanicasrl.com.ar\/2021\/?page_id=56#breadcrumb\"},\"inLanguage\":\"es-AR\",\"potentialAction\":[{\"@type\":\"ReadAction\",\"target\":[\"http:\/\/termomecanicasrl.com.ar\/2021\/?page_id=56\"]}]},{\"@type\":\"BreadcrumbList\",\"@id\":\"http:\/\/termomecanicasrl.com.ar\/2021\/?page_id=56#breadcrumb\",\"itemListElement\":[{\"@type\":\"ListItem\",\"position\":1,\"name\":\"Inicio\",\"item\":\"http:\/\/termomecanicasrl.com.ar\/2021\/\"},{\"@type\":\"ListItem\",\"position\":2,\"name\":\"Ventilaci\u00f3n &#8211; E\u00f3lica Reforzada\"}]},{\"@type\":\"WebSite\",\"@id\":\"http:\/\/termomecanicasrl.com.ar\/2021\/#website\",\"url\":\"http:\/\/termomecanicasrl.com.ar\/2021\/\",\"name\":\"Instalaciones Termomecanica S.R.L.\",\"description\":\"Actividad en refrigeraci\u00f3n, rebobinados de motores el\u00e9ctricos y generadores de electricidad e instalaci\u00f3n el\u00e9ctrica.\",\"potentialAction\":[{\"@type\":\"SearchAction\",\"target\":{\"@type\":\"EntryPoint\",\"urlTemplate\":\"http:\/\/termomecanicasrl.com.ar\/2021\/?s={search_term_string}\"},\"query-input\":{\"@type\":\"PropertyValueSpecification\",\"valueRequired\":true,\"valueName\":\"search_term_string\"}}],\"inLanguage\":\"es-AR\"}]}<\/script>\n<!-- \/ Yoast SEO plugin. -->","yoast_head_json":{"title":"Ventilaci\u00f3n - E\u00f3lica Reforzada - Instalaciones Termomecanica S.R.L.","robots":{"index":"index","follow":"follow","max-snippet":"max-snippet:-1","max-image-preview":"max-image-preview:large","max-video-preview":"max-video-preview:-1"},"canonical":"http:\/\/termomecanicasrl.com.ar\/2021\/?page_id=56","og_locale":"es_ES","og_type":"article","og_title":"Ventilaci\u00f3n - E\u00f3lica Reforzada - Instalaciones Termomecanica S.R.L.","og_description":"[vc_row type=&#8221;vc_default&#8221; css=&#8221;.vc_custom_1474212570146{margin-bottom: -50px !important;}&#8221;][vc_column offset=&#8221;vc_col-lg-8 vc_col-md-8 vc_col-xs-12&#8243; css=&#8221;.vc_custom_1474210659519{margin-bottom: 50px !important;padding-right: 25px !important;padding-left: 25px !important;}&#8221;][vc_column_text] Este sistema sirve para ser instalado en lugares de vientos muy fuertes, por su gran calidad y refuerzo, permitiendo una gran durabilidad. [\/vc_column_text][vc_column_text] TABLA DE RENDIMIENTOS \u00a0 \u00a0 Modelo Estractor Velocidad de viento 5 Km\/H 10 Km\/H 15 Km\/H VG&hellip;","og_url":"http:\/\/termomecanicasrl.com.ar\/2021\/?page_id=56","og_site_name":"Instalaciones Termomecanica S.R.L.","article_modified_time":"2021-11-12T21:21:17+00:00","twitter_card":"summary_large_image","twitter_misc":{"Tiempo de lectura":"2 minutos"},"schema":{"@context":"https:\/\/schema.org","@graph":[{"@type":"WebPage","@id":"http:\/\/termomecanicasrl.com.ar\/2021\/?page_id=56","url":"http:\/\/termomecanicasrl.com.ar\/2021\/?page_id=56","name":"Ventilaci\u00f3n - E\u00f3lica Reforzada - Instalaciones Termomecanica S.R.L.","isPartOf":{"@id":"http:\/\/termomecanicasrl.com.ar\/2021\/#website"},"datePublished":"2016-06-08T02:06:57+00:00","dateModified":"2021-11-12T21:21:17+00:00","breadcrumb":{"@id":"http:\/\/termomecanicasrl.com.ar\/2021\/?page_id=56#breadcrumb"},"inLanguage":"es-AR","potentialAction":[{"@type":"ReadAction","target":["http:\/\/termomecanicasrl.com.ar\/2021\/?page_id=56"]}]},{"@type":"BreadcrumbList","@id":"http:\/\/termomecanicasrl.com.ar\/2021\/?page_id=56#breadcrumb","itemListElement":[{"@type":"ListItem","position":1,"name":"Inicio","item":"http:\/\/termomecanicasrl.com.ar\/2021\/"},{"@type":"ListItem","position":2,"name":"Ventilaci\u00f3n &#8211; E\u00f3lica Reforzada"}]},{"@type":"WebSite","@id":"http:\/\/termomecanicasrl.com.ar\/2021\/#website","url":"http:\/\/termomecanicasrl.com.ar\/2021\/","name":"Instalaciones Termomecanica S.R.L.","description":"Actividad en refrigeraci\u00f3n, rebobinados de motores el\u00e9ctricos y generadores de electricidad e instalaci\u00f3n el\u00e9ctrica.","potentialAction":[{"@type":"SearchAction","target":{"@type":"EntryPoint","urlTemplate":"http:\/\/termomecanicasrl.com.ar\/2021\/?s={search_term_string}"},"query-input":{"@type":"PropertyValueSpecification","valueRequired":true,"valueName":"search_term_string"}}],"inLanguage":"es-AR"}]}},"_links":{"self":[{"href":"http:\/\/termomecanicasrl.com.ar\/2021\/index.php?rest_route=\/wp\/v2\/pages\/56","targetHints":{"allow":["GET"]}}],"collection":[{"href":"http:\/\/termomecanicasrl.com.ar\/2021\/index.php?rest_route=\/wp\/v2\/pages"}],"about":[{"href":"http:\/\/termomecanicasrl.com.ar\/2021\/index.php?rest_route=\/wp\/v2\/types\/page"}],"author":[{"embeddable":true,"href":"http:\/\/termomecanicasrl.com.ar\/2021\/index.php?rest_route=\/wp\/v2\/users\/1"}],"replies":[{"embeddable":true,"href":"http:\/\/termomecanicasrl.com.ar\/2021\/index.php?rest_route=%2Fwp%2Fv2%2Fcomments&post=56"}],"version-history":[{"count":7,"href":"http:\/\/termomecanicasrl.com.ar\/2021\/index.php?rest_route=\/wp\/v2\/pages\/56\/revisions"}],"predecessor-version":[{"id":1003,"href":"http:\/\/termomecanicasrl.com.ar\/2021\/index.php?rest_route=\/wp\/v2\/pages\/56\/revisions\/1003"}],"wp:attachment":[{"href":"http:\/\/termomecanicasrl.com.ar\/2021\/index.php?rest_route=%2Fwp%2Fv2%2Fmedia&parent=56"}],"curies":[{"name":"wp","href":"https:\/\/api.w.org\/{rel}","templated":true}]}}