{"id":55,"date":"2016-06-07T23:06:59","date_gmt":"2016-06-07T22:06:59","guid":{"rendered":"https:\/\/the7.io\/psy\/?page_id=55"},"modified":"2021-11-12T18:34:40","modified_gmt":"2021-11-12T21:34:40","slug":"kids-parents","status":"publish","type":"page","link":"http:\/\/termomecanicasrl.com.ar\/2021\/?page_id=55","title":{"rendered":"Accesorios"},"content":{"rendered":"<p>[vc_row type=&#8221;vc_default&#8221; css=&#8221;.vc_custom_1474212485255{margin-bottom: -50px !important;}&#8221;][vc_column offset=&#8221;vc_col-lg-8 vc_col-md-8 vc_col-xs-12&#8243; css=&#8221;.vc_custom_1474210659519{margin-bottom: 50px !important;padding-right: 25px !important;padding-left: 25px !important;}&#8221;]<style type=\"text\/css\" data-type=\"the7_shortcodes-inline-css\">.shortcode-single-image-wrap.shortcode-single-image-8dd758c92caa5d568d576671fcfbf51c.enable-bg-rollover .rollover i,\n.shortcode-single-image-wrap.shortcode-single-image-8dd758c92caa5d568d576671fcfbf51c.enable-bg-rollover .rollover-video i {\n  background: -webkit-linear-gradient();\n  background: linear-gradient();\n}\n.shortcode-single-image-wrap.shortcode-single-image-8dd758c92caa5d568d576671fcfbf51c .rollover-icon {\n  font-size: 32px;\n  color: #ffffff;\n  min-width: 44px;\n  min-height: 44px;\n  line-height: 44px;\n  border-radius: 100px;\n  border-style: solid;\n  border-width: 0px;\n}\n.dt-icon-bg-on.shortcode-single-image-wrap.shortcode-single-image-8dd758c92caa5d568d576671fcfbf51c .rollover-icon {\n  background: rgba(255,255,255,0.3);\n  box-shadow: none;\n}\n<\/style><div class=\"shortcode-single-image-wrap shortcode-single-image-8dd758c92caa5d568d576671fcfbf51c alignnone  enable-bg-rollover dt-icon-bg-off\" style=\"margin-top:0px; margin-bottom:0px; margin-left:0px; margin-right:0px; width:1000px;\"><div class=\"shortcode-single-image\"><div class=\"fancy-media-wrap  layzr-bg\" style=\"\"><img loading=\"lazy\" decoding=\"async\" class=\"preload-me lazy-load\" src=\"data:image\/svg+xml,%3Csvg%20xmlns%3D&#39;http%3A%2F%2Fwww.w3.org%2F2000%2Fsvg&#39;%20viewBox%3D&#39;0%200%201000%20500&#39;%2F%3E\" data-src=\"http:\/\/termomecanicasrl.com.ar\/2021\/wp-content\/uploads\/2021\/10\/accesorios.jpg\" data-srcset=\"http:\/\/termomecanicasrl.com.ar\/2021\/wp-content\/uploads\/2021\/10\/accesorios.jpg 1000w\" width=\"1000\" height=\"500\"  data-dt-location=\"http:\/\/termomecanicasrl.com.ar\/2021\/?attachment_id=781\" style=\"\" alt=\"\" \/><\/div><\/div><\/div><div id=\"ultimate-heading-201069dec5656dc30\" class=\"uvc-heading ult-adjust-bottom-margin ultimate-heading-201069dec5656dc30 uvc-1327  uvc-heading-default-font-sizes\" data-hspacer=\"line_only\"  data-halign=\"left\" style=\"text-align:left\"><div class=\"uvc-main-heading ult-responsive\"  data-ultimate-target='.uvc-heading.ultimate-heading-201069dec5656dc30 h2'  data-responsive-json-new='{\"font-size\":\"\",\"line-height\":\"\"}' ><h2 style=\"font-weight:bold;margin-top:30px;margin-bottom:10px;\">Accesorios<\/h2><\/div><div class=\"uvc-heading-spacer line_only\" style=\"margin-bottom:30px;height:1px;\"><span class=\"uvc-headings-line\" style=\"border-style:solid;border-bottom-width:1px;border-color:#269acc;width:50px;\"><\/span><\/div><\/div>[vc_column_text]\u2022 Juegos llaves de Radiadores &#8211; Purgues Autom\u00e1ticos<br \/>\n\u2022 Bombas de Agua &#8211; Capacitores<br \/>\n\u2022 Termocuplas &#8211; Picopiloto<br \/>\n\u2022 Distribuidores de Llama<br \/>\n\u2022 Extractores para Gases Residuales &#8211; Sombreros H 4\u201d-5\u201d-6\u201d-8\u201d<br \/>\n\u2022 Codos 4\u201d-5\u201d-6\u201d-7\u201d-8\u201d-16\u201d-20\u201d-24\u201d<br \/>\n\u2022 Ca\u00f1os 4\u201d-5\u201d-6\u201d-7\u201d-8\u201d-10\u201d-16\u201d-20\u201d-24\u201d<br \/>\n\u2022 Bases Adaptadores para Extractores E\u00f3licos 4\u201d-6\u201d-8\u201d-12\u201d-16\u201d-20\u201d-24\u201d<br \/>\n\u2022 Sombreros Comunes 4\u201d-5\u201d-6\u201d-7\u201d-8\u201d-10\u201d-12\u201d-16\u201d-20\u201d-24\u201d<br \/>\n\u2022 Rejas Inyecci\u00f3n de Aire<br \/>\n\u2022 Rejas de Retorno &#8211; Difusores[\/vc_column_text][\/vc_column][vc_column offset=&#8221;vc_col-lg-4 vc_col-md-4 vc_col-xs-12&#8243; css=&#8221;.vc_custom_1474210785130{margin-bottom: 50px !important;padding-right: 25px !important;padding-left: 25px !important;}&#8221;][vc_row_inner css=&#8221;.vc_custom_1474210891220{padding-right: 25px !important;padding-left: 25px !important;}&#8221;][vc_column_inner css=&#8221;.vc_custom_1474211073851{padding-top: 30px !important;padding-right: 30px !important;padding-bottom: 15px !important;padding-left: 30px !important;background-color: #f4f4f4 !important;}&#8221;]<div id=\"ultimate-heading-689169dec5656dd03\" class=\"uvc-heading ult-adjust-bottom-margin ultimate-heading-689169dec5656dd03 uvc-4546  uvc-heading-default-font-sizes\" data-hspacer=\"line_only\"  data-halign=\"left\" style=\"text-align:left\"><div class=\"uvc-main-heading ult-responsive\"  data-ultimate-target='.uvc-heading.ultimate-heading-689169dec5656dd03 h3'  data-responsive-json-new='{\"font-size\":\"\",\"line-height\":\"\"}' ><h3 style=\"font-weight:bold;margin-bottom:10px;\">Nuestro Cat\u00e1logo<\/h3><\/div><div class=\"uvc-heading-spacer line_only\" style=\"margin-bottom:20px;height:1px;\"><span class=\"uvc-headings-line\" style=\"border-style:solid;border-bottom-width:1px;border-color:#269acc;width:20px;\"><\/span><\/div><\/div>[vc_widget_sidebar show_bg=&#8221;false&#8221; sidebar_id=&#8221;sidebar_4&#8243;][\/vc_column_inner][vc_column_inner css=&#8221;.vc_custom_1474210997759{margin-top: 30px !important;padding-top: 30px !important;padding-right: 30px !important;padding-bottom: 20px !important;padding-left: 30px !important;background-color: #f4f4f4 !important;}&#8221;]<div id=\"ultimate-heading-269069dec5656dd6c\" class=\"uvc-heading ult-adjust-bottom-margin ultimate-heading-269069dec5656dd6c uvc-2554  uvc-heading-default-font-sizes\" data-hspacer=\"line_only\"  data-halign=\"left\" style=\"text-align:left\"><div class=\"uvc-main-heading ult-responsive\"  data-ultimate-target='.uvc-heading.ultimate-heading-269069dec5656dd6c h3'  data-responsive-json-new='{\"font-size\":\"\",\"line-height\":\"\"}' ><h3 style=\"font-weight:bold;margin-bottom:10px;\">Cons\u00faltenos<\/h3><\/div><div class=\"uvc-heading-spacer line_only\" style=\"margin-bottom:20px;height:1px;\"><span class=\"uvc-headings-line\" style=\"border-style:solid;border-bottom-width:1px;border-color:#269acc;width:30px;\"><\/span><\/div><\/div>[vc_column_text css=&#8221;.vc_custom_1633786996442{padding-bottom: 25px !important;}&#8221;]Solicite su presupuesto.[\/vc_column_text]<form class=\"dt-contact-form dt-form\" method=\"post\"><input type=\"hidden\" name=\"widget_id\" value=\"presscore-contact-form-widget--1\" \/><input type=\"hidden\" name=\"send_message\" value=\"\" \/><input type=\"hidden\" name=\"security_token\" value=\"2e823c527f60b37e3015\"\/><div class=\"form-fields\"><span class=\"form-name\"><label class=\"assistive-text\">Name *<\/label><input type=\"text\" class=\"validate[required]\" placeholder=\"Name *\" name=\"name\" value=\"\" aria-required=\"true\">\n<\/span><span class=\"form-mail\"><label class=\"assistive-text\">E-mail *<\/label><input type=\"text\" class=\"validate[required,custom[email]]\" placeholder=\"E-mail *\" name=\"email\" value=\"\" aria-required=\"true\">\n<\/span><span class=\"form-telephone\"><label class=\"assistive-text\">Telephone<\/label><input type=\"text\" placeholder=\"Telephone\" name=\"telephone\" value=\"\" aria-required=\"false\">\n<\/span><\/div><span class=\"form-message\"><label class=\"assistive-text\">Message *<\/label><textarea class=\"validate[required]\" placeholder=\"Message *\" name=\"message\" rows=\"4\" aria-required=\"true\"><\/textarea>\n<\/span><div class=\"the7-g-captcha\"><\/div><p><a href=\"#\" class=\"dt-btn dt-btn-m dt-btn-submit\" rel=\"nofollow\"><span>Enviar<\/span><\/a><input class=\"assistive-text\" type=\"submit\" value=\"submit\"><\/p><\/form>\n[\/vc_column_inner][\/vc_row_inner][\/vc_column][\/vc_row]<\/p>\n","protected":false},"excerpt":{"rendered":"<p>[vc_row type=&#8221;vc_default&#8221; css=&#8221;.vc_custom_1474212485255{margin-bottom: -50px !important;}&#8221;][vc_column offset=&#8221;vc_col-lg-8 vc_col-md-8 vc_col-xs-12&#8243; css=&#8221;.vc_custom_1474210659519{margin-bottom: 50px !important;padding-right: 25px !important;padding-left: 25px !important;}&#8221;][vc_column_text]\u2022 Juegos llaves de Radiadores &#8211; Purgues Autom\u00e1ticos \u2022 Bombas de Agua &#8211; Capacitores \u2022 Termocuplas &#8211; Picopiloto \u2022 Distribuidores de Llama \u2022 Extractores para Gases Residuales &#8211; Sombreros H 4\u201d-5\u201d-6\u201d-8\u201d \u2022 Codos 4\u201d-5\u201d-6\u201d-7\u201d-8\u201d-16\u201d-20\u201d-24\u201d \u2022 Ca\u00f1os 4\u201d-5\u201d-6\u201d-7\u201d-8\u201d-10\u201d-16\u201d-20\u201d-24\u201d \u2022 Bases Adaptadores para&hellip;<\/p>\n","protected":false},"author":1,"featured_media":0,"parent":0,"menu_order":0,"comment_status":"closed","ping_status":"closed","template":"","meta":{"_joinchat":[],"footnotes":""},"class_list":["post-55","page","type-page","status-publish","hentry","description-off"],"yoast_head":"<!-- This site is optimized with the Yoast SEO plugin v27.0 - https:\/\/yoast.com\/product\/yoast-seo-wordpress\/ -->\n<title>Accesorios - Instalaciones Termomecanica S.R.L.<\/title>\n<meta name=\"robots\" content=\"index, follow, max-snippet:-1, max-image-preview:large, max-video-preview:-1\" \/>\n<link rel=\"canonical\" href=\"http:\/\/termomecanicasrl.com.ar\/2021\/?page_id=55\" \/>\n<meta property=\"og:locale\" content=\"es_ES\" \/>\n<meta property=\"og:type\" content=\"article\" \/>\n<meta property=\"og:title\" content=\"Accesorios - Instalaciones Termomecanica S.R.L.\" \/>\n<meta property=\"og:description\" content=\"[vc_row type=&#8221;vc_default&#8221; css=&#8221;.vc_custom_1474212485255{margin-bottom: -50px !important;}&#8221;][vc_column offset=&#8221;vc_col-lg-8 vc_col-md-8 vc_col-xs-12&#8243; css=&#8221;.vc_custom_1474210659519{margin-bottom: 50px !important;padding-right: 25px !important;padding-left: 25px !important;}&#8221;][vc_column_text]\u2022 Juegos llaves de Radiadores &#8211; Purgues Autom\u00e1ticos \u2022 Bombas de Agua &#8211; Capacitores \u2022 Termocuplas &#8211; Picopiloto \u2022 Distribuidores de Llama \u2022 Extractores para Gases Residuales &#8211; Sombreros H 4\u201d-5\u201d-6\u201d-8\u201d \u2022 Codos 4\u201d-5\u201d-6\u201d-7\u201d-8\u201d-16\u201d-20\u201d-24\u201d \u2022 Ca\u00f1os 4\u201d-5\u201d-6\u201d-7\u201d-8\u201d-10\u201d-16\u201d-20\u201d-24\u201d \u2022 Bases Adaptadores para&hellip;\" \/>\n<meta property=\"og:url\" content=\"http:\/\/termomecanicasrl.com.ar\/2021\/?page_id=55\" \/>\n<meta property=\"og:site_name\" content=\"Instalaciones Termomecanica S.R.L.\" \/>\n<meta property=\"article:modified_time\" content=\"2021-11-12T21:34:40+00:00\" \/>\n<meta name=\"twitter:card\" content=\"summary_large_image\" \/>\n<meta name=\"twitter:label1\" content=\"Tiempo de lectura\" \/>\n\t<meta name=\"twitter:data1\" content=\"2 minutos\" \/>\n<script type=\"application\/ld+json\" class=\"yoast-schema-graph\">{\"@context\":\"https:\/\/schema.org\",\"@graph\":[{\"@type\":\"WebPage\",\"@id\":\"http:\/\/termomecanicasrl.com.ar\/2021\/?page_id=55\",\"url\":\"http:\/\/termomecanicasrl.com.ar\/2021\/?page_id=55\",\"name\":\"Accesorios - Instalaciones Termomecanica S.R.L.\",\"isPartOf\":{\"@id\":\"http:\/\/termomecanicasrl.com.ar\/2021\/#website\"},\"datePublished\":\"2016-06-07T22:06:59+00:00\",\"dateModified\":\"2021-11-12T21:34:40+00:00\",\"breadcrumb\":{\"@id\":\"http:\/\/termomecanicasrl.com.ar\/2021\/?page_id=55#breadcrumb\"},\"inLanguage\":\"es-AR\",\"potentialAction\":[{\"@type\":\"ReadAction\",\"target\":[\"http:\/\/termomecanicasrl.com.ar\/2021\/?page_id=55\"]}]},{\"@type\":\"BreadcrumbList\",\"@id\":\"http:\/\/termomecanicasrl.com.ar\/2021\/?page_id=55#breadcrumb\",\"itemListElement\":[{\"@type\":\"ListItem\",\"position\":1,\"name\":\"Inicio\",\"item\":\"http:\/\/termomecanicasrl.com.ar\/2021\/\"},{\"@type\":\"ListItem\",\"position\":2,\"name\":\"Accesorios\"}]},{\"@type\":\"WebSite\",\"@id\":\"http:\/\/termomecanicasrl.com.ar\/2021\/#website\",\"url\":\"http:\/\/termomecanicasrl.com.ar\/2021\/\",\"name\":\"Instalaciones Termomecanica S.R.L.\",\"description\":\"Actividad en refrigeraci\u00f3n, rebobinados de motores el\u00e9ctricos y generadores de electricidad e instalaci\u00f3n el\u00e9ctrica.\",\"potentialAction\":[{\"@type\":\"SearchAction\",\"target\":{\"@type\":\"EntryPoint\",\"urlTemplate\":\"http:\/\/termomecanicasrl.com.ar\/2021\/?s={search_term_string}\"},\"query-input\":{\"@type\":\"PropertyValueSpecification\",\"valueRequired\":true,\"valueName\":\"search_term_string\"}}],\"inLanguage\":\"es-AR\"}]}<\/script>\n<!-- \/ Yoast SEO plugin. -->","yoast_head_json":{"title":"Accesorios - Instalaciones Termomecanica S.R.L.","robots":{"index":"index","follow":"follow","max-snippet":"max-snippet:-1","max-image-preview":"max-image-preview:large","max-video-preview":"max-video-preview:-1"},"canonical":"http:\/\/termomecanicasrl.com.ar\/2021\/?page_id=55","og_locale":"es_ES","og_type":"article","og_title":"Accesorios - Instalaciones Termomecanica S.R.L.","og_description":"[vc_row type=&#8221;vc_default&#8221; css=&#8221;.vc_custom_1474212485255{margin-bottom: -50px !important;}&#8221;][vc_column offset=&#8221;vc_col-lg-8 vc_col-md-8 vc_col-xs-12&#8243; css=&#8221;.vc_custom_1474210659519{margin-bottom: 50px !important;padding-right: 25px !important;padding-left: 25px !important;}&#8221;][vc_column_text]\u2022 Juegos llaves de Radiadores &#8211; Purgues Autom\u00e1ticos \u2022 Bombas de Agua &#8211; Capacitores \u2022 Termocuplas &#8211; Picopiloto \u2022 Distribuidores de Llama \u2022 Extractores para Gases Residuales &#8211; Sombreros H 4\u201d-5\u201d-6\u201d-8\u201d \u2022 Codos 4\u201d-5\u201d-6\u201d-7\u201d-8\u201d-16\u201d-20\u201d-24\u201d \u2022 Ca\u00f1os 4\u201d-5\u201d-6\u201d-7\u201d-8\u201d-10\u201d-16\u201d-20\u201d-24\u201d \u2022 Bases Adaptadores para&hellip;","og_url":"http:\/\/termomecanicasrl.com.ar\/2021\/?page_id=55","og_site_name":"Instalaciones Termomecanica S.R.L.","article_modified_time":"2021-11-12T21:34:40+00:00","twitter_card":"summary_large_image","twitter_misc":{"Tiempo de lectura":"2 minutos"},"schema":{"@context":"https:\/\/schema.org","@graph":[{"@type":"WebPage","@id":"http:\/\/termomecanicasrl.com.ar\/2021\/?page_id=55","url":"http:\/\/termomecanicasrl.com.ar\/2021\/?page_id=55","name":"Accesorios - Instalaciones Termomecanica S.R.L.","isPartOf":{"@id":"http:\/\/termomecanicasrl.com.ar\/2021\/#website"},"datePublished":"2016-06-07T22:06:59+00:00","dateModified":"2021-11-12T21:34:40+00:00","breadcrumb":{"@id":"http:\/\/termomecanicasrl.com.ar\/2021\/?page_id=55#breadcrumb"},"inLanguage":"es-AR","potentialAction":[{"@type":"ReadAction","target":["http:\/\/termomecanicasrl.com.ar\/2021\/?page_id=55"]}]},{"@type":"BreadcrumbList","@id":"http:\/\/termomecanicasrl.com.ar\/2021\/?page_id=55#breadcrumb","itemListElement":[{"@type":"ListItem","position":1,"name":"Inicio","item":"http:\/\/termomecanicasrl.com.ar\/2021\/"},{"@type":"ListItem","position":2,"name":"Accesorios"}]},{"@type":"WebSite","@id":"http:\/\/termomecanicasrl.com.ar\/2021\/#website","url":"http:\/\/termomecanicasrl.com.ar\/2021\/","name":"Instalaciones Termomecanica S.R.L.","description":"Actividad en refrigeraci\u00f3n, rebobinados de motores el\u00e9ctricos y generadores de electricidad e instalaci\u00f3n el\u00e9ctrica.","potentialAction":[{"@type":"SearchAction","target":{"@type":"EntryPoint","urlTemplate":"http:\/\/termomecanicasrl.com.ar\/2021\/?s={search_term_string}"},"query-input":{"@type":"PropertyValueSpecification","valueRequired":true,"valueName":"search_term_string"}}],"inLanguage":"es-AR"}]}},"_links":{"self":[{"href":"http:\/\/termomecanicasrl.com.ar\/2021\/index.php?rest_route=\/wp\/v2\/pages\/55","targetHints":{"allow":["GET"]}}],"collection":[{"href":"http:\/\/termomecanicasrl.com.ar\/2021\/index.php?rest_route=\/wp\/v2\/pages"}],"about":[{"href":"http:\/\/termomecanicasrl.com.ar\/2021\/index.php?rest_route=\/wp\/v2\/types\/page"}],"author":[{"embeddable":true,"href":"http:\/\/termomecanicasrl.com.ar\/2021\/index.php?rest_route=\/wp\/v2\/users\/1"}],"replies":[{"embeddable":true,"href":"http:\/\/termomecanicasrl.com.ar\/2021\/index.php?rest_route=%2Fwp%2Fv2%2Fcomments&post=55"}],"version-history":[{"count":9,"href":"http:\/\/termomecanicasrl.com.ar\/2021\/index.php?rest_route=\/wp\/v2\/pages\/55\/revisions"}],"predecessor-version":[{"id":1007,"href":"http:\/\/termomecanicasrl.com.ar\/2021\/index.php?rest_route=\/wp\/v2\/pages\/55\/revisions\/1007"}],"wp:attachment":[{"href":"http:\/\/termomecanicasrl.com.ar\/2021\/index.php?rest_route=%2Fwp%2Fv2%2Fmedia&parent=55"}],"curies":[{"name":"wp","href":"https:\/\/api.w.org\/{rel}","templated":true}]}}