{"id":54,"date":"2016-06-07T23:07:01","date_gmt":"2016-06-08T02:07:01","guid":{"rendered":"https:\/\/the7.io\/psy\/?page_id=54"},"modified":"2021-11-12T18:23:09","modified_gmt":"2021-11-12T21:23:09","slug":"zingueria-ventilacion","status":"publish","type":"page","link":"http:\/\/termomecanicasrl.com.ar\/2021\/?page_id=54","title":{"rendered":"Zinguer\u00eda &#8211; Ventilaci\u00f3n"},"content":{"rendered":"<p>[vc_row type=&#8221;vc_default&#8221; css=&#8221;.vc_custom_1474212512701{margin-bottom: -50px !important;}&#8221;][vc_column offset=&#8221;vc_col-lg-8 vc_col-md-8 vc_col-xs-12&#8243; css=&#8221;.vc_custom_1474210659519{margin-bottom: 50px !important;padding-right: 25px !important;padding-left: 25px !important;}&#8221;]<style type=\"text\/css\" data-type=\"the7_shortcodes-inline-css\">.shortcode-single-image-wrap.shortcode-single-image-bd339c1e2a05c6a42cc384898c02d3cf.enable-bg-rollover .rollover i,\n.shortcode-single-image-wrap.shortcode-single-image-bd339c1e2a05c6a42cc384898c02d3cf.enable-bg-rollover .rollover-video i {\n  background: -webkit-linear-gradient();\n  background: linear-gradient();\n}\n.shortcode-single-image-wrap.shortcode-single-image-bd339c1e2a05c6a42cc384898c02d3cf .rollover-icon {\n  font-size: 32px;\n  color: #ffffff;\n  min-width: 44px;\n  min-height: 44px;\n  line-height: 44px;\n  border-radius: 100px;\n  border-style: solid;\n  border-width: 0px;\n}\n.dt-icon-bg-on.shortcode-single-image-wrap.shortcode-single-image-bd339c1e2a05c6a42cc384898c02d3cf .rollover-icon {\n  background: rgba(255,255,255,0.3);\n  box-shadow: none;\n}\n<\/style><div class=\"shortcode-single-image-wrap shortcode-single-image-bd339c1e2a05c6a42cc384898c02d3cf alignnone  enable-bg-rollover dt-icon-bg-off\" style=\"margin-top:0px; margin-bottom:0px; margin-left:0px; margin-right:0px; width:1000px;\"><div class=\"shortcode-single-image\"><div class=\"fancy-media-wrap  layzr-bg\" style=\"\"><img loading=\"lazy\" decoding=\"async\" class=\"preload-me lazy-load\" src=\"data:image\/svg+xml,%3Csvg%20xmlns%3D&#39;http%3A%2F%2Fwww.w3.org%2F2000%2Fsvg&#39;%20viewBox%3D&#39;0%200%201000%20500&#39;%2F%3E\" data-src=\"http:\/\/termomecanicasrl.com.ar\/2021\/wp-content\/uploads\/2021\/10\/ventilacion.jpg\" data-srcset=\"http:\/\/termomecanicasrl.com.ar\/2021\/wp-content\/uploads\/2021\/10\/ventilacion.jpg 1000w\" width=\"1000\" height=\"500\"  data-dt-location=\"http:\/\/termomecanicasrl.com.ar\/2021\/?attachment_id=758\" style=\"\" alt=\"\" \/><\/div><\/div><\/div><div id=\"ultimate-heading-895569f2cac13f182\" class=\"uvc-heading ult-adjust-bottom-margin ultimate-heading-895569f2cac13f182 uvc-3899  uvc-heading-default-font-sizes\" data-hspacer=\"line_only\"  data-halign=\"left\" style=\"text-align:left\"><div class=\"uvc-main-heading ult-responsive\"  data-ultimate-target='.uvc-heading.ultimate-heading-895569f2cac13f182 h2'  data-responsive-json-new='{\"font-size\":\"\",\"line-height\":\"\"}' ><h2 style=\"font-weight:bold;margin-top:30px;margin-bottom:10px;\">Zinguer\u00eda - Ventilaci\u00f3n<\/h2><\/div><div class=\"uvc-heading-spacer line_only\" style=\"margin-bottom:30px;height:2px;\"><span class=\"uvc-headings-line\" style=\"border-style:solid;border-bottom-width:2px;border-color:#269acc;width:50px;\"><\/span><\/div><\/div>[vc_column_text]<\/p>\n<table border=\"0\" width=\"557\" cellspacing=\"0\" cellpadding=\"0\">\n<tbody>\n<tr>\n<td colspan=\"2\" align=\"left\" valign=\"bottom\" height=\"108\"><img loading=\"lazy\" decoding=\"async\" src=\"http:\/\/termomecanicasrl.com.ar\/imagenes\/zingueria011.jpg\" width=\"125\" height=\"104\" \/><\/td>\n<td colspan=\"2\" align=\"left\" valign=\"bottom\"><img loading=\"lazy\" decoding=\"async\" src=\"http:\/\/termomecanicasrl.com.ar\/imagenes\/zingueria012.jpg\" width=\"94\" height=\"105\" \/><\/td>\n<td align=\"left\" valign=\"bottom\" width=\"175\"><img loading=\"lazy\" decoding=\"async\" src=\"http:\/\/termomecanicasrl.com.ar\/imagenes\/zingueria015.jpg\" width=\"79\" height=\"128\" \/><\/td>\n<\/tr>\n<tr>\n<td align=\"left\" valign=\"top\" width=\"156\" height=\"110\">\n<p class=\"texto-medio\"><strong>Sombreretes\u00a0cocina<\/strong><br \/>\nen chapa\u00a0doble decapada\u00a0N\u00ba 24: \u00d8 4\u201d, 4\u00bd\u201d,\u00a05\u201d, 6\u201d, 8\u201d.<\/p>\n<\/td>\n<td align=\"left\" valign=\"top\" width=\"21\"><\/td>\n<td class=\"texto-medio\" align=\"left\" valign=\"top\" width=\"184\"><strong>Sombreretes cil\u00edndricos doble cono<\/strong><br \/>\n<em> tipo americano,\u00a0sistema venturi, protector de vientochapa galvanizada N\u00ba 24:\u00d8 3\u201d, 4\u201d, 4\u00bd\u201d, 5\u201d, 6\u201d, 10\u201d, 12\u201d,16\u201d,24\u201d.<\/em><\/td>\n<td class=\"texto-medio\" align=\"left\" valign=\"top\" width=\"21\"><\/td>\n<td align=\"left\" valign=\"top\"><span class=\"texto-medio\"><strong>Sombreretes, 4 difusores\u00a0chapa galvanizada<br \/>\n<\/strong><\/span><strong class=\"texto-medio\"> N\u00ba 24: 3\u201d ,4\u201d, 4\u00bd\u201d, 5\u201d, 6\u201d.<br \/>\nFunciones: chimeneas,\u00a0hogares, termotanques\u00a0y calefones a gas.<\/strong><\/td>\n<\/tr>\n<\/tbody>\n<\/table>\n<p>&nbsp;<\/p>\n<table border=\"0\" width=\"557\" cellspacing=\"0\" cellpadding=\"0\">\n<tbody>\n<tr>\n<td colspan=\"2\" align=\"left\" valign=\"bottom\"><img loading=\"lazy\" decoding=\"async\" src=\"http:\/\/termomecanicasrl.com.ar\/imagenes\/zingueria013.jpg\" width=\"132\" height=\"128\" \/><\/td>\n<td align=\"left\" valign=\"bottom\" width=\"281\"><img loading=\"lazy\" decoding=\"async\" src=\"http:\/\/termomecanicasrl.com.ar\/imagenes\/zingueria014.jpg\" width=\"129\" height=\"121\" \/><\/td>\n<\/tr>\n<tr>\n<td align=\"left\" valign=\"top\" width=\"241\" height=\"51\">\n<p class=\"texto-medio\"><strong>Sombreretes rectangulares<\/strong><em><br \/>\n<\/em>5 difusores,\u00a0con protector de viento, pintura epoxi negra,\u00a0chapa doble decapada N\u00ba 22:30&#215;20 cm, 40&#215;30 cm, 40&#215;40 cm, 50&#215;30 cm,50&#215;50 cm, 60&#215;40 cm.<br \/>\n<strong>Funciones: ventilaci\u00f3n en columnas colectoras\u00a0para edificios de propiedad horizontal.<\/strong><\/p>\n<\/td>\n<td align=\"left\" valign=\"top\" width=\"35\"><\/td>\n<td class=\"texto-medio\" align=\"left\" valign=\"top\"><strong>Sombreretes rectangulares\u00a0doble cono,<\/strong> tipo americano, sistema venturi\u00a0con protector de viento, pintura epoxi negra,\u00a0chapa doble decapada N\u00ba 22:\u00a030&#215;20 cm, 40&#215;30 cm, 40&#215;40 cm, 50&#215;30 cm,\u00a050&#215;50 cm, 60&#215;40 cm.<br \/>\n<strong>Funciones: ventilaci\u00f3n en\u00a0campanas de cocina, parrilleras,\u00a0chimeneas y hogares.<\/strong><\/td>\n<\/tr>\n<\/tbody>\n<\/table>\n<p>&nbsp;<\/p>\n<table border=\"0\" width=\"557\" cellspacing=\"0\" cellpadding=\"0\">\n<tbody>\n<tr>\n<td colspan=\"2\" align=\"left\" valign=\"bottom\"><img loading=\"lazy\" decoding=\"async\" src=\"http:\/\/termomecanicasrl.com.ar\/imagenes\/zingueria018.jpg\" width=\"174\" height=\"104\" \/><\/td>\n<td align=\"left\" valign=\"bottom\" width=\"282\"><img loading=\"lazy\" decoding=\"async\" src=\"http:\/\/termomecanicasrl.com.ar\/imagenes\/zingueria019.jpg\" width=\"171\" height=\"106\" \/><\/td>\n<\/tr>\n<tr>\n<td align=\"left\" valign=\"top\" width=\"253\" height=\"51\">\n<p class=\"texto-medio\"><strong>Sombreretes H<\/strong><br \/>\nchapa galvanizada\u00a0N\u00ba 30:\u00a0\u00d8 3\u201d ,4\u201d, 4\u00bd\u201d, 5\u201d, 6\u201d, 8\u201d.<br \/>\nSombreretes tipo eskabe\u00a0mono salida lateral con 4 difusores,\u00a0chapa galvanizada N\u00ba 24:\u00a0\u00d8 3\u201d ,4\u201d, 4\u00bd\u201d, 5\u201d, 6\u201d.<\/p>\n<\/td>\n<td align=\"left\" valign=\"top\" width=\"22\"><\/td>\n<td class=\"texto-medio\" align=\"left\" valign=\"top\"><strong>Sombreretes un aro<\/strong> chapa galvanizada, \u00d8 3\u201d ,4\u201d, 4\u00bd\u201d.<br \/>\n<strong>Sombreretes doble aro<\/strong> chapa galvanizada, \u00d8 3\u201d ,4\u201d, 4\u00bd\u201d, 5\u201d, 6\u201d.<\/td>\n<\/tr>\n<\/tbody>\n<\/table>\n<p>&nbsp;<\/p>\n<table border=\"0\" width=\"557\" cellspacing=\"0\" cellpadding=\"0\">\n<tbody>\n<tr>\n<td align=\"left\" valign=\"bottom\"><img loading=\"lazy\" decoding=\"async\" src=\"http:\/\/termomecanicasrl.com.ar\/imagenes\/zingueria020.jpg\" width=\"156\" height=\"111\" \/><\/td>\n<td align=\"left\" valign=\"bottom\"><img loading=\"lazy\" decoding=\"async\" src=\"http:\/\/termomecanicasrl.com.ar\/imagenes\/zingueria021.jpg\" width=\"178\" height=\"111\" \/><\/td>\n<td align=\"left\" valign=\"bottom\" width=\"189\"><img loading=\"lazy\" decoding=\"async\" src=\"http:\/\/termomecanicasrl.com.ar\/imagenes\/zingueria022.jpg\" width=\"170\" height=\"109\" \/><\/td>\n<\/tr>\n<tr>\n<td align=\"left\" valign=\"top\" width=\"172\" height=\"51\">\n<p class=\"texto-medio\"><strong>Extractores E\u00f3licos<\/strong><\/p>\n<\/td>\n<td align=\"left\" valign=\"top\" width=\"196\">\n<p class=\"texto-medio\"><strong>Base para Extractores<\/strong><\/p>\n<\/td>\n<td class=\"texto-medio\" align=\"left\" valign=\"top\"><strong>Adaptador\u00a0a 90\u00b0\u00a0\u00a0\u00a0 y\u00a0 Guarnici\u00f3n para extractor<\/strong><\/td>\n<\/tr>\n<\/tbody>\n<\/table>\n<p>[\/vc_column_text][\/vc_column][vc_column offset=&#8221;vc_col-lg-4 vc_col-md-4 vc_col-xs-12&#8243; css=&#8221;.vc_custom_1474210785130{margin-bottom: 50px !important;padding-right: 25px !important;padding-left: 25px !important;}&#8221;][vc_row_inner css=&#8221;.vc_custom_1474210891220{padding-right: 25px !important;padding-left: 25px !important;}&#8221;][vc_column_inner css=&#8221;.vc_custom_1474211073851{padding-top: 30px !important;padding-right: 30px !important;padding-bottom: 15px !important;padding-left: 30px !important;background-color: #f4f4f4 !important;}&#8221;]<div id=\"ultimate-heading-688869f2cac13f1fb\" class=\"uvc-heading ult-adjust-bottom-margin ultimate-heading-688869f2cac13f1fb uvc-7795  uvc-heading-default-font-sizes\" data-hspacer=\"line_only\"  data-halign=\"left\" style=\"text-align:left\"><div class=\"uvc-main-heading ult-responsive\"  data-ultimate-target='.uvc-heading.ultimate-heading-688869f2cac13f1fb h3'  data-responsive-json-new='{\"font-size\":\"\",\"line-height\":\"\"}' ><h3 style=\"font-weight:bold;margin-bottom:10px;\">Nuestro Cat\u00e1logo<\/h3><\/div><div class=\"uvc-heading-spacer line_only\" style=\"margin-bottom:30px;height:1px;\"><span class=\"uvc-headings-line\" style=\"border-style:solid;border-bottom-width:1px;border-color:#269acc;width:30px;\"><\/span><\/div><\/div>[vc_widget_sidebar show_bg=&#8221;false&#8221; sidebar_id=&#8221;sidebar_4&#8243;][\/vc_column_inner][vc_column_inner css=&#8221;.vc_custom_1474210997759{margin-top: 30px !important;padding-top: 30px !important;padding-right: 30px !important;padding-bottom: 20px !important;padding-left: 30px !important;background-color: #f4f4f4 !important;}&#8221;]<div id=\"ultimate-heading-219369f2cac13f26f\" class=\"uvc-heading ult-adjust-bottom-margin ultimate-heading-219369f2cac13f26f uvc-2063  uvc-heading-default-font-sizes\" data-hspacer=\"line_only\"  data-halign=\"left\" style=\"text-align:left\"><div class=\"uvc-main-heading ult-responsive\"  data-ultimate-target='.uvc-heading.ultimate-heading-219369f2cac13f26f h3'  data-responsive-json-new='{\"font-size\":\"\",\"line-height\":\"\"}' ><h3 style=\"font-weight:bold;margin-bottom:10px;\">Cons\u00faltenos<\/h3><\/div><div class=\"uvc-heading-spacer line_only\" style=\"margin-bottom:30px;height:1px;\"><span class=\"uvc-headings-line\" style=\"border-style:solid;border-bottom-width:1px;border-color:#269acc;width:30px;\"><\/span><\/div><\/div>[vc_column_text css=&#8221;.vc_custom_1633788441505{padding-bottom: 25px !important;}&#8221;]Solicite su presupuesto.[\/vc_column_text]<form class=\"dt-contact-form dt-form\" method=\"post\"><input type=\"hidden\" name=\"widget_id\" value=\"presscore-contact-form-widget--1\" \/><input type=\"hidden\" name=\"send_message\" value=\"\" \/><input type=\"hidden\" name=\"security_token\" value=\"2e823c527f60b37e3015\"\/><div class=\"form-fields\"><span class=\"form-name\"><label class=\"assistive-text\">Name *<\/label><input type=\"text\" class=\"validate[required]\" placeholder=\"Name *\" name=\"name\" value=\"\" aria-required=\"true\">\n<\/span><span class=\"form-mail\"><label class=\"assistive-text\">E-mail *<\/label><input type=\"text\" class=\"validate[required,custom[email]]\" placeholder=\"E-mail *\" name=\"email\" value=\"\" aria-required=\"true\">\n<\/span><span class=\"form-telephone\"><label class=\"assistive-text\">Telephone<\/label><input type=\"text\" placeholder=\"Telephone\" name=\"telephone\" value=\"\" aria-required=\"false\">\n<\/span><\/div><span class=\"form-message\"><label class=\"assistive-text\">Message *<\/label><textarea class=\"validate[required]\" placeholder=\"Message *\" name=\"message\" rows=\"4\" aria-required=\"true\"><\/textarea>\n<\/span><div class=\"the7-g-captcha\"><\/div><p><a href=\"#\" class=\"dt-btn dt-btn-m dt-btn-submit\" rel=\"nofollow\"><span>Enviar<\/span><\/a><input class=\"assistive-text\" type=\"submit\" value=\"submit\"><\/p><\/form>\n[\/vc_column_inner][\/vc_row_inner][\/vc_column][\/vc_row]<\/p>\n","protected":false},"excerpt":{"rendered":"<p>[vc_row type=&#8221;vc_default&#8221; css=&#8221;.vc_custom_1474212512701{margin-bottom: -50px !important;}&#8221;][vc_column offset=&#8221;vc_col-lg-8 vc_col-md-8 vc_col-xs-12&#8243; css=&#8221;.vc_custom_1474210659519{margin-bottom: 50px !important;padding-right: 25px !important;padding-left: 25px !important;}&#8221;][vc_column_text] Sombreretes\u00a0cocina en chapa\u00a0doble decapada\u00a0N\u00ba 24: \u00d8 4\u201d, 4\u00bd\u201d,\u00a05\u201d, 6\u201d, 8\u201d. Sombreretes cil\u00edndricos doble cono tipo americano,\u00a0sistema venturi, protector de vientochapa galvanizada N\u00ba 24:\u00d8 3\u201d, 4\u201d, 4\u00bd\u201d, 5\u201d, 6\u201d, 10\u201d, 12\u201d,16\u201d,24\u201d. Sombreretes, 4 difusores\u00a0chapa galvanizada N\u00ba 24: 3\u201d ,4\u201d, 4\u00bd\u201d, 5\u201d,&hellip;<\/p>\n","protected":false},"author":1,"featured_media":0,"parent":0,"menu_order":0,"comment_status":"closed","ping_status":"closed","template":"","meta":{"_joinchat":[],"footnotes":""},"class_list":["post-54","page","type-page","status-publish","hentry","description-off"],"yoast_head":"<!-- This site is optimized with the Yoast SEO plugin v27.0 - https:\/\/yoast.com\/product\/yoast-seo-wordpress\/ -->\n<title>Zinguer\u00eda - Ventilaci\u00f3n - Instalaciones Termomecanica S.R.L.<\/title>\n<meta name=\"robots\" content=\"index, follow, max-snippet:-1, max-image-preview:large, max-video-preview:-1\" \/>\n<link rel=\"canonical\" href=\"http:\/\/termomecanicasrl.com.ar\/2021\/?page_id=54\" \/>\n<meta property=\"og:locale\" content=\"es_ES\" \/>\n<meta property=\"og:type\" content=\"article\" \/>\n<meta property=\"og:title\" content=\"Zinguer\u00eda - Ventilaci\u00f3n - Instalaciones Termomecanica S.R.L.\" \/>\n<meta property=\"og:description\" content=\"[vc_row type=&#8221;vc_default&#8221; css=&#8221;.vc_custom_1474212512701{margin-bottom: -50px !important;}&#8221;][vc_column offset=&#8221;vc_col-lg-8 vc_col-md-8 vc_col-xs-12&#8243; css=&#8221;.vc_custom_1474210659519{margin-bottom: 50px !important;padding-right: 25px !important;padding-left: 25px !important;}&#8221;][vc_column_text] Sombreretes\u00a0cocina en chapa\u00a0doble decapada\u00a0N\u00ba 24: \u00d8 4\u201d, 4\u00bd\u201d,\u00a05\u201d, 6\u201d, 8\u201d. Sombreretes cil\u00edndricos doble cono tipo americano,\u00a0sistema venturi, protector de vientochapa galvanizada N\u00ba 24:\u00d8 3\u201d, 4\u201d, 4\u00bd\u201d, 5\u201d, 6\u201d, 10\u201d, 12\u201d,16\u201d,24\u201d. Sombreretes, 4 difusores\u00a0chapa galvanizada N\u00ba 24: 3\u201d ,4\u201d, 4\u00bd\u201d, 5\u201d,&hellip;\" \/>\n<meta property=\"og:url\" content=\"http:\/\/termomecanicasrl.com.ar\/2021\/?page_id=54\" \/>\n<meta property=\"og:site_name\" content=\"Instalaciones Termomecanica S.R.L.\" \/>\n<meta property=\"article:modified_time\" content=\"2021-11-12T21:23:09+00:00\" \/>\n<meta property=\"og:image\" content=\"http:\/\/termomecanicasrl.com.ar\/imagenes\/zingueria011.jpg\" \/>\n<meta name=\"twitter:card\" content=\"summary_large_image\" \/>\n<meta name=\"twitter:label1\" content=\"Tiempo de lectura\" \/>\n\t<meta name=\"twitter:data1\" content=\"4 minutos\" \/>\n<script type=\"application\/ld+json\" class=\"yoast-schema-graph\">{\"@context\":\"https:\/\/schema.org\",\"@graph\":[{\"@type\":\"WebPage\",\"@id\":\"http:\/\/termomecanicasrl.com.ar\/2021\/?page_id=54\",\"url\":\"http:\/\/termomecanicasrl.com.ar\/2021\/?page_id=54\",\"name\":\"Zinguer\u00eda - Ventilaci\u00f3n - Instalaciones Termomecanica S.R.L.\",\"isPartOf\":{\"@id\":\"http:\/\/termomecanicasrl.com.ar\/2021\/#website\"},\"primaryImageOfPage\":{\"@id\":\"http:\/\/termomecanicasrl.com.ar\/2021\/?page_id=54#primaryimage\"},\"image\":{\"@id\":\"http:\/\/termomecanicasrl.com.ar\/2021\/?page_id=54#primaryimage\"},\"thumbnailUrl\":\"http:\/\/termomecanicasrl.com.ar\/imagenes\/zingueria011.jpg\",\"datePublished\":\"2016-06-08T02:07:01+00:00\",\"dateModified\":\"2021-11-12T21:23:09+00:00\",\"breadcrumb\":{\"@id\":\"http:\/\/termomecanicasrl.com.ar\/2021\/?page_id=54#breadcrumb\"},\"inLanguage\":\"es-AR\",\"potentialAction\":[{\"@type\":\"ReadAction\",\"target\":[\"http:\/\/termomecanicasrl.com.ar\/2021\/?page_id=54\"]}]},{\"@type\":\"ImageObject\",\"inLanguage\":\"es-AR\",\"@id\":\"http:\/\/termomecanicasrl.com.ar\/2021\/?page_id=54#primaryimage\",\"url\":\"http:\/\/termomecanicasrl.com.ar\/imagenes\/zingueria011.jpg\",\"contentUrl\":\"http:\/\/termomecanicasrl.com.ar\/imagenes\/zingueria011.jpg\"},{\"@type\":\"BreadcrumbList\",\"@id\":\"http:\/\/termomecanicasrl.com.ar\/2021\/?page_id=54#breadcrumb\",\"itemListElement\":[{\"@type\":\"ListItem\",\"position\":1,\"name\":\"Inicio\",\"item\":\"http:\/\/termomecanicasrl.com.ar\/2021\/\"},{\"@type\":\"ListItem\",\"position\":2,\"name\":\"Zinguer\u00eda &#8211; Ventilaci\u00f3n\"}]},{\"@type\":\"WebSite\",\"@id\":\"http:\/\/termomecanicasrl.com.ar\/2021\/#website\",\"url\":\"http:\/\/termomecanicasrl.com.ar\/2021\/\",\"name\":\"Instalaciones Termomecanica S.R.L.\",\"description\":\"Actividad en refrigeraci\u00f3n, rebobinados de motores el\u00e9ctricos y generadores de electricidad e instalaci\u00f3n el\u00e9ctrica.\",\"potentialAction\":[{\"@type\":\"SearchAction\",\"target\":{\"@type\":\"EntryPoint\",\"urlTemplate\":\"http:\/\/termomecanicasrl.com.ar\/2021\/?s={search_term_string}\"},\"query-input\":{\"@type\":\"PropertyValueSpecification\",\"valueRequired\":true,\"valueName\":\"search_term_string\"}}],\"inLanguage\":\"es-AR\"}]}<\/script>\n<!-- \/ Yoast SEO plugin. -->","yoast_head_json":{"title":"Zinguer\u00eda - Ventilaci\u00f3n - Instalaciones Termomecanica S.R.L.","robots":{"index":"index","follow":"follow","max-snippet":"max-snippet:-1","max-image-preview":"max-image-preview:large","max-video-preview":"max-video-preview:-1"},"canonical":"http:\/\/termomecanicasrl.com.ar\/2021\/?page_id=54","og_locale":"es_ES","og_type":"article","og_title":"Zinguer\u00eda - Ventilaci\u00f3n - Instalaciones Termomecanica S.R.L.","og_description":"[vc_row type=&#8221;vc_default&#8221; css=&#8221;.vc_custom_1474212512701{margin-bottom: -50px !important;}&#8221;][vc_column offset=&#8221;vc_col-lg-8 vc_col-md-8 vc_col-xs-12&#8243; css=&#8221;.vc_custom_1474210659519{margin-bottom: 50px !important;padding-right: 25px !important;padding-left: 25px !important;}&#8221;][vc_column_text] Sombreretes\u00a0cocina en chapa\u00a0doble decapada\u00a0N\u00ba 24: \u00d8 4\u201d, 4\u00bd\u201d,\u00a05\u201d, 6\u201d, 8\u201d. Sombreretes cil\u00edndricos doble cono tipo americano,\u00a0sistema venturi, protector de vientochapa galvanizada N\u00ba 24:\u00d8 3\u201d, 4\u201d, 4\u00bd\u201d, 5\u201d, 6\u201d, 10\u201d, 12\u201d,16\u201d,24\u201d. Sombreretes, 4 difusores\u00a0chapa galvanizada N\u00ba 24: 3\u201d ,4\u201d, 4\u00bd\u201d, 5\u201d,&hellip;","og_url":"http:\/\/termomecanicasrl.com.ar\/2021\/?page_id=54","og_site_name":"Instalaciones Termomecanica S.R.L.","article_modified_time":"2021-11-12T21:23:09+00:00","og_image":[{"url":"http:\/\/termomecanicasrl.com.ar\/imagenes\/zingueria011.jpg","type":"","width":"","height":""}],"twitter_card":"summary_large_image","twitter_misc":{"Tiempo de lectura":"4 minutos"},"schema":{"@context":"https:\/\/schema.org","@graph":[{"@type":"WebPage","@id":"http:\/\/termomecanicasrl.com.ar\/2021\/?page_id=54","url":"http:\/\/termomecanicasrl.com.ar\/2021\/?page_id=54","name":"Zinguer\u00eda - Ventilaci\u00f3n - Instalaciones Termomecanica S.R.L.","isPartOf":{"@id":"http:\/\/termomecanicasrl.com.ar\/2021\/#website"},"primaryImageOfPage":{"@id":"http:\/\/termomecanicasrl.com.ar\/2021\/?page_id=54#primaryimage"},"image":{"@id":"http:\/\/termomecanicasrl.com.ar\/2021\/?page_id=54#primaryimage"},"thumbnailUrl":"http:\/\/termomecanicasrl.com.ar\/imagenes\/zingueria011.jpg","datePublished":"2016-06-08T02:07:01+00:00","dateModified":"2021-11-12T21:23:09+00:00","breadcrumb":{"@id":"http:\/\/termomecanicasrl.com.ar\/2021\/?page_id=54#breadcrumb"},"inLanguage":"es-AR","potentialAction":[{"@type":"ReadAction","target":["http:\/\/termomecanicasrl.com.ar\/2021\/?page_id=54"]}]},{"@type":"ImageObject","inLanguage":"es-AR","@id":"http:\/\/termomecanicasrl.com.ar\/2021\/?page_id=54#primaryimage","url":"http:\/\/termomecanicasrl.com.ar\/imagenes\/zingueria011.jpg","contentUrl":"http:\/\/termomecanicasrl.com.ar\/imagenes\/zingueria011.jpg"},{"@type":"BreadcrumbList","@id":"http:\/\/termomecanicasrl.com.ar\/2021\/?page_id=54#breadcrumb","itemListElement":[{"@type":"ListItem","position":1,"name":"Inicio","item":"http:\/\/termomecanicasrl.com.ar\/2021\/"},{"@type":"ListItem","position":2,"name":"Zinguer\u00eda &#8211; Ventilaci\u00f3n"}]},{"@type":"WebSite","@id":"http:\/\/termomecanicasrl.com.ar\/2021\/#website","url":"http:\/\/termomecanicasrl.com.ar\/2021\/","name":"Instalaciones Termomecanica S.R.L.","description":"Actividad en refrigeraci\u00f3n, rebobinados de motores el\u00e9ctricos y generadores de electricidad e instalaci\u00f3n el\u00e9ctrica.","potentialAction":[{"@type":"SearchAction","target":{"@type":"EntryPoint","urlTemplate":"http:\/\/termomecanicasrl.com.ar\/2021\/?s={search_term_string}"},"query-input":{"@type":"PropertyValueSpecification","valueRequired":true,"valueName":"search_term_string"}}],"inLanguage":"es-AR"}]}},"_links":{"self":[{"href":"http:\/\/termomecanicasrl.com.ar\/2021\/index.php?rest_route=\/wp\/v2\/pages\/54","targetHints":{"allow":["GET"]}}],"collection":[{"href":"http:\/\/termomecanicasrl.com.ar\/2021\/index.php?rest_route=\/wp\/v2\/pages"}],"about":[{"href":"http:\/\/termomecanicasrl.com.ar\/2021\/index.php?rest_route=\/wp\/v2\/types\/page"}],"author":[{"embeddable":true,"href":"http:\/\/termomecanicasrl.com.ar\/2021\/index.php?rest_route=\/wp\/v2\/users\/1"}],"replies":[{"embeddable":true,"href":"http:\/\/termomecanicasrl.com.ar\/2021\/index.php?rest_route=%2Fwp%2Fv2%2Fcomments&post=54"}],"version-history":[{"count":7,"href":"http:\/\/termomecanicasrl.com.ar\/2021\/index.php?rest_route=\/wp\/v2\/pages\/54\/revisions"}],"predecessor-version":[{"id":1005,"href":"http:\/\/termomecanicasrl.com.ar\/2021\/index.php?rest_route=\/wp\/v2\/pages\/54\/revisions\/1005"}],"wp:attachment":[{"href":"http:\/\/termomecanicasrl.com.ar\/2021\/index.php?rest_route=%2Fwp%2Fv2%2Fmedia&parent=54"}],"curies":[{"name":"wp","href":"https:\/\/api.w.org\/{rel}","templated":true}]}}