{"id":43,"date":"2016-06-07T22:05:40","date_gmt":"2016-06-08T01:05:40","guid":{"rendered":"https:\/\/the7.io\/psy\/?page_id=43"},"modified":"2021-10-09T09:45:41","modified_gmt":"2021-10-09T12:45:41","slug":"clientes","status":"publish","type":"page","link":"http:\/\/termomecanicasrl.com.ar\/2021\/?page_id=43","title":{"rendered":"Clientes"},"content":{"rendered":"<p>[vc_row gap=&#8221;30&#8243; equal_height=&#8221;yes&#8221; type=&#8221;vc_default&#8221; css=&#8221;.vc_custom_1633783297588{margin-top: -15px !important;margin-bottom: -15px !important;padding-top: 0px !important;padding-right: 25px !important;padding-left: 25px !important;}&#8221;][vc_column width=&#8221;1\/2&#8243; css=&#8221;.vc_custom_1633783013542{padding-top: 0px !important;padding-right: 0px !important;padding-bottom: 0px !important;padding-left: 0px !important;}&#8221;]<div id=\"ultimate-heading-406769f2af9cbc7fa\" class=\"uvc-heading ult-adjust-bottom-margin ultimate-heading-406769f2af9cbc7fa uvc-322  uvc-heading-default-font-sizes\" data-hspacer=\"line_only\"  data-halign=\"left\" style=\"text-align:left\"><div class=\"uvc-main-heading ult-responsive\"  data-ultimate-target='.uvc-heading.ultimate-heading-406769f2af9cbc7fa h1'  data-responsive-json-new='{\"font-size\":\"\",\"line-height\":\"\"}' ><h1 style=\"--font-weight:theme;margin-bottom:10px;\">Nuestros casos de exito<\/h1><\/div><div class=\"uvc-heading-spacer line_only\" style=\"margin-bottom:30px;height:2px;\"><span class=\"uvc-headings-line\" style=\"border-style:solid;border-bottom-width:2px;border-color:#269acc;width:50px;\"><\/span><\/div><\/div>[\/vc_column][vc_column width=&#8221;1\/2&#8243; css=&#8221;.vc_custom_1465513512966{padding-top: 0px !important;padding-right: 0px !important;padding-bottom: 0px !important;padding-left: 0px !important;background-color: #f4f4f4 !important;}&#8221;][vc_row_inner css=&#8221;.vc_custom_1495561152861{padding-top: 30px !important;padding-right: 30px !important;padding-bottom: 30px !important;padding-left: 30px !important;}&#8221;][vc_column_inner]<div id=\"ultimate-heading-109869f2af9cbc870\" class=\"uvc-heading ult-adjust-bottom-margin ultimate-heading-109869f2af9cbc870 uvc-5792 \" data-hspacer=\"line_only\"  data-halign=\"left\" style=\"text-align:left\"><div class=\"uvc-main-heading ult-responsive\"  data-ultimate-target='.uvc-heading.ultimate-heading-109869f2af9cbc870 h2'  data-responsive-json-new='{\"font-size\":\"desktop:20px;\",\"line-height\":\"desktop:30px;\"}' ><h2 style=\"font-weight:bold;margin-bottom:10px;\">Provincia de Buenos Aires<\/h2><\/div><div class=\"uvc-heading-spacer line_only\" style=\"margin-bottom:30px;height:1px;\"><span class=\"uvc-headings-line\" style=\"border-style:solid;border-bottom-width:1px;border-color:#269acc;width:30px;\"><\/span><\/div><\/div>[vc_column_text css=&#8221;.vc_custom_1633783116158{padding-bottom: 20px !important;}&#8221;]<span class=\"texto style3\"><strong><img loading=\"lazy\" decoding=\"async\" src=\"http:\/\/www.termomecanicasrl.com.ar\/images\/pto.jpg\" width=\"2\" height=\"2\" \/> Banco de la Naci\u00f3n Argentina<\/strong>, Bah\u00eda Blanca y sus 30 Sucursales en la zona<br \/>\n<strong><img loading=\"lazy\" decoding=\"async\" src=\"http:\/\/www.termomecanicasrl.com.ar\/images\/pto.jpg\" width=\"2\" height=\"2\" \/> Banco Macro<\/strong>, Pig\u00fce, Trenque Lauquen, Cnel. Pringles<br \/>\n<strong><img loading=\"lazy\" decoding=\"async\" src=\"http:\/\/www.termomecanicasrl.com.ar\/images\/pto.jpg\" width=\"2\" height=\"2\" \/> Seral Bah\u00eda, <\/strong>Acopio de Granos<br \/>\n<strong><img loading=\"lazy\" decoding=\"async\" src=\"http:\/\/www.termomecanicasrl.com.ar\/images\/pto.jpg\" width=\"2\" height=\"2\" \/> Cargill, <\/strong>Pto. Ing. White<br \/>\n<strong><img loading=\"lazy\" decoding=\"async\" src=\"http:\/\/www.termomecanicasrl.com.ar\/images\/pto.jpg\" width=\"2\" height=\"2\" \/> Fabrica de Tubos de Pl\u00e1sticos<br \/>\n<img loading=\"lazy\" decoding=\"async\" src=\"http:\/\/www.termomecanicasrl.com.ar\/images\/pto.jpg\" width=\"2\" height=\"2\" \/> Syngenta Agroqu\u00edmicos<\/strong><br \/>\n<strong><img loading=\"lazy\" decoding=\"async\" src=\"http:\/\/www.termomecanicasrl.com.ar\/images\/pto.jpg\" width=\"2\" height=\"2\" \/> Oleoginosa Moreno<\/strong>, Pto. Galv\u00e1n<br \/>\n<strong><img loading=\"lazy\" decoding=\"async\" src=\"http:\/\/www.termomecanicasrl.com.ar\/images\/pto.jpg\" width=\"2\" height=\"2\" \/> Saturno Hogar<br \/>\n<img loading=\"lazy\" decoding=\"async\" src=\"http:\/\/www.termomecanicasrl.com.ar\/images\/pto.jpg\" width=\"2\" height=\"2\" \/> Dep\u00f3sitos Carmen de Patagones<\/strong><br \/>\n<strong><img loading=\"lazy\" decoding=\"async\" src=\"http:\/\/www.termomecanicasrl.com.ar\/images\/pto.jpg\" width=\"2\" height=\"2\" \/> Banco de La Naci\u00f3n Argentina, <\/strong>C. de Patagones y Pedro Luro<\/span>[\/vc_column_text][\/vc_column_inner][\/vc_row_inner][\/vc_column][vc_column width=&#8221;1\/2&#8243; css=&#8221;.vc_custom_1467299258131{padding-top: 0px !important;padding-right: 0px !important;padding-bottom: 0px !important;padding-left: 0px !important;background-color: #f4f4f4 !important;}&#8221;][vc_row_inner css=&#8221;.vc_custom_1495561152861{padding-top: 30px !important;padding-right: 30px !important;padding-bottom: 30px !important;padding-left: 30px !important;}&#8221;][vc_column_inner]<div id=\"ultimate-heading-742169f2af9cbc8e4\" class=\"uvc-heading ult-adjust-bottom-margin ultimate-heading-742169f2af9cbc8e4 uvc-4942 \" data-hspacer=\"line_only\"  data-halign=\"left\" style=\"text-align:left\"><div class=\"uvc-main-heading ult-responsive\"  data-ultimate-target='.uvc-heading.ultimate-heading-742169f2af9cbc8e4 h2'  data-responsive-json-new='{\"font-size\":\"desktop:20px;\",\"line-height\":\"desktop:30px;\"}' ><h2 style=\"font-weight:bold;margin-bottom:10px;\">Provincia de La Pampa<\/h2><\/div><div class=\"uvc-heading-spacer line_only\" style=\"margin-bottom:30px;height:1px;\"><span class=\"uvc-headings-line\" style=\"border-style:solid;border-bottom-width:1px;border-color:#269acc;width:30px;\"><\/span><\/div><\/div>[vc_column_text css=&#8221;.vc_custom_1633783093862{padding-bottom: 20px !important;}&#8221;]<span class=\"style4\"><strong><img loading=\"lazy\" decoding=\"async\" src=\"http:\/\/www.termomecanicasrl.com.ar\/images\/pto.jpg\" width=\"2\" height=\"2\" \/> Banco de La Pampa, <\/strong> Casa Central y Sucursales.<br \/>\n<strong><img loading=\"lazy\" decoding=\"async\" src=\"http:\/\/www.termomecanicasrl.com.ar\/images\/pto.jpg\" width=\"2\" height=\"2\" \/> Banco Macro<br \/>\n<img loading=\"lazy\" decoding=\"async\" src=\"http:\/\/www.termomecanicasrl.com.ar\/images\/pto.jpg\" width=\"2\" height=\"2\" \/> Brandmann S.A.<br \/>\n<img loading=\"lazy\" decoding=\"async\" src=\"http:\/\/www.termomecanicasrl.com.ar\/images\/pto.jpg\" width=\"2\" height=\"2\" \/> Banco de La Naci\u00f3n Argentina<\/strong><br \/>\n<strong><img loading=\"lazy\" decoding=\"async\" src=\"http:\/\/www.termomecanicasrl.com.ar\/images\/pto.jpg\" width=\"2\" height=\"2\" \/> Febo S.R.L.<\/strong>, Guatrache La Pampa<br \/>\n<strong><img loading=\"lazy\" decoding=\"async\" src=\"http:\/\/www.termomecanicasrl.com.ar\/images\/pto.jpg\" width=\"2\" height=\"2\" \/> Osvaldo Ortiz S.R.L.<\/strong>, Edo.Castex<br \/>\n<strong><img loading=\"lazy\" decoding=\"async\" src=\"http:\/\/www.termomecanicasrl.com.ar\/images\/pto.jpg\" width=\"2\" height=\"2\" \/> Hotel Cristal<\/strong>, Edp. Castex<br \/>\n<strong><img loading=\"lazy\" decoding=\"async\" src=\"http:\/\/www.termomecanicasrl.com.ar\/images\/pto.jpg\" width=\"2\" height=\"2\" \/> Arturo Robles S.R.L.<\/strong>, Edo. Castex<br \/>\n<strong><img loading=\"lazy\" decoding=\"async\" src=\"http:\/\/www.termomecanicasrl.com.ar\/images\/pto.jpg\" width=\"2\" height=\"2\" \/> Pedro Chiavetta<\/strong>, Edo. Castex<br \/>\n<strong><img loading=\"lazy\" decoding=\"async\" src=\"http:\/\/www.termomecanicasrl.com.ar\/images\/pto.jpg\" width=\"2\" height=\"2\" \/> Seraf\u00edn Mulatero S.A.<\/strong>, Edo. Castex<br \/>\n<strong><img loading=\"lazy\" decoding=\"async\" src=\"http:\/\/www.termomecanicasrl.com.ar\/images\/pto.jpg\" width=\"2\" height=\"2\" \/> Banco de La Pampa<\/strong>, Gral. Pico<\/span>[\/vc_column_text][\/vc_column_inner][\/vc_row_inner][\/vc_column][vc_column width=&#8221;1\/2&#8243; css=&#8221;.vc_custom_1467299284419{padding-top: 0px !important;padding-right: 0px !important;padding-bottom: 0px !important;padding-left: 0px !important;background-color: #f4f4f4 !important;}&#8221;][vc_row_inner css=&#8221;.vc_custom_1495561152861{padding-top: 30px !important;padding-right: 30px !important;padding-bottom: 30px !important;padding-left: 30px !important;}&#8221;][vc_column_inner]<div id=\"ultimate-heading-610569f2af9cbc947\" class=\"uvc-heading ult-adjust-bottom-margin ultimate-heading-610569f2af9cbc947 uvc-6519 \" data-hspacer=\"line_only\"  data-halign=\"left\" style=\"text-align:left\"><div class=\"uvc-main-heading ult-responsive\"  data-ultimate-target='.uvc-heading.ultimate-heading-610569f2af9cbc947 h2'  data-responsive-json-new='{\"font-size\":\"desktop:20px;\",\"line-height\":\"desktop:30px;\"}' ><h2 style=\"font-weight:bold;margin-bottom:10px;\">Provincias de Neuqu\u00e9n y Chubut<\/h2><\/div><div class=\"uvc-heading-spacer line_only\" style=\"margin-bottom:30px;height:1px;\"><span class=\"uvc-headings-line\" style=\"border-style:solid;border-bottom-width:1px;border-color:#269acc;width:28px;\"><\/span><\/div><\/div>[vc_column_text css=&#8221;.vc_custom_1633783269810{padding-bottom: 20px !important;}&#8221;]<span class=\"texto\"><strong><img loading=\"lazy\" decoding=\"async\" src=\"http:\/\/www.termomecanicasrl.com.ar\/images\/pto.jpg\" width=\"2\" height=\"2\" \/> Banco de La Naci\u00f3n Argentina<br \/>\n<img loading=\"lazy\" decoding=\"async\" src=\"http:\/\/www.termomecanicasrl.com.ar\/images\/pto.jpg\" width=\"2\" height=\"2\" \/> Saturno Hogar Casa Cenral <\/strong><br \/>\n<strong><img loading=\"lazy\" decoding=\"async\" src=\"http:\/\/www.termomecanicasrl.com.ar\/images\/pto.jpg\" width=\"2\" height=\"2\" \/> Don Julio S.A.<\/strong>, Pto, Madryn<br \/>\n<strong><img loading=\"lazy\" decoding=\"async\" src=\"http:\/\/www.termomecanicasrl.com.ar\/images\/pto.jpg\" width=\"2\" height=\"2\" \/> Banco de La Naci\u00f3n Argentina<\/strong><br \/>\n<strong><img loading=\"lazy\" decoding=\"async\" src=\"http:\/\/www.termomecanicasrl.com.ar\/images\/pto.jpg\" width=\"2\" height=\"2\" \/> Banco Macro<\/strong>, Trelew<\/span>[\/vc_column_text][\/vc_column_inner][\/vc_row_inner][\/vc_column][\/vc_row]<\/p>\n","protected":false},"excerpt":{"rendered":"<p>[vc_row gap=&#8221;30&#8243; equal_height=&#8221;yes&#8221; type=&#8221;vc_default&#8221; css=&#8221;.vc_custom_1633783297588{margin-top: -15px !important;margin-bottom: -15px !important;padding-top: 0px !important;padding-right: 25px !important;padding-left: 25px !important;}&#8221;][vc_column width=&#8221;1\/2&#8243; css=&#8221;.vc_custom_1633783013542{padding-top: 0px !important;padding-right: 0px !important;padding-bottom: 0px !important;padding-left: 0px !important;}&#8221;][\/vc_column][vc_column width=&#8221;1\/2&#8243; css=&#8221;.vc_custom_1465513512966{padding-top: 0px !important;padding-right: 0px !important;padding-bottom: 0px !important;padding-left: 0px !important;background-color: #f4f4f4 !important;}&#8221;][vc_row_inner css=&#8221;.vc_custom_1495561152861{padding-top: 30px !important;padding-right: 30px !important;padding-bottom: 30px !important;padding-left: 30px !important;}&#8221;][vc_column_inner][vc_column_text css=&#8221;.vc_custom_1633783116158{padding-bottom: 20px !important;}&#8221;] Banco de la Naci\u00f3n Argentina, Bah\u00eda&hellip;<\/p>\n","protected":false},"author":1,"featured_media":0,"parent":0,"menu_order":3,"comment_status":"closed","ping_status":"closed","template":"","meta":{"_joinchat":[],"footnotes":""},"class_list":["post-43","page","type-page","status-publish","hentry","description-off"],"yoast_head":"<!-- This site is optimized with the Yoast SEO plugin v27.0 - https:\/\/yoast.com\/product\/yoast-seo-wordpress\/ -->\n<title>Clientes - Instalaciones Termomecanica S.R.L.<\/title>\n<meta name=\"robots\" content=\"index, follow, max-snippet:-1, max-image-preview:large, max-video-preview:-1\" \/>\n<link rel=\"canonical\" href=\"http:\/\/termomecanicasrl.com.ar\/2021\/?page_id=43\" \/>\n<meta property=\"og:locale\" content=\"es_ES\" \/>\n<meta property=\"og:type\" content=\"article\" \/>\n<meta property=\"og:title\" content=\"Clientes - Instalaciones Termomecanica S.R.L.\" \/>\n<meta property=\"og:description\" content=\"[vc_row gap=&#8221;30&#8243; equal_height=&#8221;yes&#8221; type=&#8221;vc_default&#8221; css=&#8221;.vc_custom_1633783297588{margin-top: -15px !important;margin-bottom: -15px !important;padding-top: 0px !important;padding-right: 25px !important;padding-left: 25px !important;}&#8221;][vc_column width=&#8221;1\/2&#8243; css=&#8221;.vc_custom_1633783013542{padding-top: 0px !important;padding-right: 0px !important;padding-bottom: 0px !important;padding-left: 0px !important;}&#8221;][\/vc_column][vc_column width=&#8221;1\/2&#8243; css=&#8221;.vc_custom_1465513512966{padding-top: 0px !important;padding-right: 0px !important;padding-bottom: 0px !important;padding-left: 0px !important;background-color: #f4f4f4 !important;}&#8221;][vc_row_inner css=&#8221;.vc_custom_1495561152861{padding-top: 30px !important;padding-right: 30px !important;padding-bottom: 30px !important;padding-left: 30px !important;}&#8221;][vc_column_inner][vc_column_text css=&#8221;.vc_custom_1633783116158{padding-bottom: 20px !important;}&#8221;] Banco de la Naci\u00f3n Argentina, Bah\u00eda&hellip;\" \/>\n<meta property=\"og:url\" content=\"http:\/\/termomecanicasrl.com.ar\/2021\/?page_id=43\" \/>\n<meta property=\"og:site_name\" content=\"Instalaciones Termomecanica S.R.L.\" \/>\n<meta property=\"article:modified_time\" content=\"2021-10-09T12:45:41+00:00\" \/>\n<meta property=\"og:image\" content=\"http:\/\/www.termomecanicasrl.com.ar\/images\/pto.jpg\" \/>\n<meta name=\"twitter:card\" content=\"summary_large_image\" \/>\n<meta name=\"twitter:label1\" content=\"Tiempo de lectura\" \/>\n\t<meta name=\"twitter:data1\" content=\"3 minutos\" \/>\n<script type=\"application\/ld+json\" class=\"yoast-schema-graph\">{\"@context\":\"https:\/\/schema.org\",\"@graph\":[{\"@type\":\"WebPage\",\"@id\":\"http:\/\/termomecanicasrl.com.ar\/2021\/?page_id=43\",\"url\":\"http:\/\/termomecanicasrl.com.ar\/2021\/?page_id=43\",\"name\":\"Clientes - Instalaciones Termomecanica S.R.L.\",\"isPartOf\":{\"@id\":\"http:\/\/termomecanicasrl.com.ar\/2021\/#website\"},\"primaryImageOfPage\":{\"@id\":\"http:\/\/termomecanicasrl.com.ar\/2021\/?page_id=43#primaryimage\"},\"image\":{\"@id\":\"http:\/\/termomecanicasrl.com.ar\/2021\/?page_id=43#primaryimage\"},\"thumbnailUrl\":\"http:\/\/www.termomecanicasrl.com.ar\/images\/pto.jpg\",\"datePublished\":\"2016-06-08T01:05:40+00:00\",\"dateModified\":\"2021-10-09T12:45:41+00:00\",\"breadcrumb\":{\"@id\":\"http:\/\/termomecanicasrl.com.ar\/2021\/?page_id=43#breadcrumb\"},\"inLanguage\":\"es-AR\",\"potentialAction\":[{\"@type\":\"ReadAction\",\"target\":[\"http:\/\/termomecanicasrl.com.ar\/2021\/?page_id=43\"]}]},{\"@type\":\"ImageObject\",\"inLanguage\":\"es-AR\",\"@id\":\"http:\/\/termomecanicasrl.com.ar\/2021\/?page_id=43#primaryimage\",\"url\":\"http:\/\/www.termomecanicasrl.com.ar\/images\/pto.jpg\",\"contentUrl\":\"http:\/\/www.termomecanicasrl.com.ar\/images\/pto.jpg\"},{\"@type\":\"BreadcrumbList\",\"@id\":\"http:\/\/termomecanicasrl.com.ar\/2021\/?page_id=43#breadcrumb\",\"itemListElement\":[{\"@type\":\"ListItem\",\"position\":1,\"name\":\"Inicio\",\"item\":\"http:\/\/termomecanicasrl.com.ar\/2021\/\"},{\"@type\":\"ListItem\",\"position\":2,\"name\":\"Clientes\"}]},{\"@type\":\"WebSite\",\"@id\":\"http:\/\/termomecanicasrl.com.ar\/2021\/#website\",\"url\":\"http:\/\/termomecanicasrl.com.ar\/2021\/\",\"name\":\"Instalaciones Termomecanica S.R.L.\",\"description\":\"Actividad en refrigeraci\u00f3n, rebobinados de motores el\u00e9ctricos y generadores de electricidad e instalaci\u00f3n el\u00e9ctrica.\",\"potentialAction\":[{\"@type\":\"SearchAction\",\"target\":{\"@type\":\"EntryPoint\",\"urlTemplate\":\"http:\/\/termomecanicasrl.com.ar\/2021\/?s={search_term_string}\"},\"query-input\":{\"@type\":\"PropertyValueSpecification\",\"valueRequired\":true,\"valueName\":\"search_term_string\"}}],\"inLanguage\":\"es-AR\"}]}<\/script>\n<!-- \/ Yoast SEO plugin. -->","yoast_head_json":{"title":"Clientes - Instalaciones Termomecanica S.R.L.","robots":{"index":"index","follow":"follow","max-snippet":"max-snippet:-1","max-image-preview":"max-image-preview:large","max-video-preview":"max-video-preview:-1"},"canonical":"http:\/\/termomecanicasrl.com.ar\/2021\/?page_id=43","og_locale":"es_ES","og_type":"article","og_title":"Clientes - Instalaciones Termomecanica S.R.L.","og_description":"[vc_row gap=&#8221;30&#8243; equal_height=&#8221;yes&#8221; type=&#8221;vc_default&#8221; css=&#8221;.vc_custom_1633783297588{margin-top: -15px !important;margin-bottom: -15px !important;padding-top: 0px !important;padding-right: 25px !important;padding-left: 25px !important;}&#8221;][vc_column width=&#8221;1\/2&#8243; css=&#8221;.vc_custom_1633783013542{padding-top: 0px !important;padding-right: 0px !important;padding-bottom: 0px !important;padding-left: 0px !important;}&#8221;][\/vc_column][vc_column width=&#8221;1\/2&#8243; css=&#8221;.vc_custom_1465513512966{padding-top: 0px !important;padding-right: 0px !important;padding-bottom: 0px !important;padding-left: 0px !important;background-color: #f4f4f4 !important;}&#8221;][vc_row_inner css=&#8221;.vc_custom_1495561152861{padding-top: 30px !important;padding-right: 30px !important;padding-bottom: 30px !important;padding-left: 30px !important;}&#8221;][vc_column_inner][vc_column_text css=&#8221;.vc_custom_1633783116158{padding-bottom: 20px !important;}&#8221;] Banco de la Naci\u00f3n Argentina, Bah\u00eda&hellip;","og_url":"http:\/\/termomecanicasrl.com.ar\/2021\/?page_id=43","og_site_name":"Instalaciones Termomecanica S.R.L.","article_modified_time":"2021-10-09T12:45:41+00:00","og_image":[{"url":"http:\/\/www.termomecanicasrl.com.ar\/images\/pto.jpg","type":"","width":"","height":""}],"twitter_card":"summary_large_image","twitter_misc":{"Tiempo de lectura":"3 minutos"},"schema":{"@context":"https:\/\/schema.org","@graph":[{"@type":"WebPage","@id":"http:\/\/termomecanicasrl.com.ar\/2021\/?page_id=43","url":"http:\/\/termomecanicasrl.com.ar\/2021\/?page_id=43","name":"Clientes - Instalaciones Termomecanica S.R.L.","isPartOf":{"@id":"http:\/\/termomecanicasrl.com.ar\/2021\/#website"},"primaryImageOfPage":{"@id":"http:\/\/termomecanicasrl.com.ar\/2021\/?page_id=43#primaryimage"},"image":{"@id":"http:\/\/termomecanicasrl.com.ar\/2021\/?page_id=43#primaryimage"},"thumbnailUrl":"http:\/\/www.termomecanicasrl.com.ar\/images\/pto.jpg","datePublished":"2016-06-08T01:05:40+00:00","dateModified":"2021-10-09T12:45:41+00:00","breadcrumb":{"@id":"http:\/\/termomecanicasrl.com.ar\/2021\/?page_id=43#breadcrumb"},"inLanguage":"es-AR","potentialAction":[{"@type":"ReadAction","target":["http:\/\/termomecanicasrl.com.ar\/2021\/?page_id=43"]}]},{"@type":"ImageObject","inLanguage":"es-AR","@id":"http:\/\/termomecanicasrl.com.ar\/2021\/?page_id=43#primaryimage","url":"http:\/\/www.termomecanicasrl.com.ar\/images\/pto.jpg","contentUrl":"http:\/\/www.termomecanicasrl.com.ar\/images\/pto.jpg"},{"@type":"BreadcrumbList","@id":"http:\/\/termomecanicasrl.com.ar\/2021\/?page_id=43#breadcrumb","itemListElement":[{"@type":"ListItem","position":1,"name":"Inicio","item":"http:\/\/termomecanicasrl.com.ar\/2021\/"},{"@type":"ListItem","position":2,"name":"Clientes"}]},{"@type":"WebSite","@id":"http:\/\/termomecanicasrl.com.ar\/2021\/#website","url":"http:\/\/termomecanicasrl.com.ar\/2021\/","name":"Instalaciones Termomecanica S.R.L.","description":"Actividad en refrigeraci\u00f3n, rebobinados de motores el\u00e9ctricos y generadores de electricidad e instalaci\u00f3n el\u00e9ctrica.","potentialAction":[{"@type":"SearchAction","target":{"@type":"EntryPoint","urlTemplate":"http:\/\/termomecanicasrl.com.ar\/2021\/?s={search_term_string}"},"query-input":{"@type":"PropertyValueSpecification","valueRequired":true,"valueName":"search_term_string"}}],"inLanguage":"es-AR"}]}},"_links":{"self":[{"href":"http:\/\/termomecanicasrl.com.ar\/2021\/index.php?rest_route=\/wp\/v2\/pages\/43","targetHints":{"allow":["GET"]}}],"collection":[{"href":"http:\/\/termomecanicasrl.com.ar\/2021\/index.php?rest_route=\/wp\/v2\/pages"}],"about":[{"href":"http:\/\/termomecanicasrl.com.ar\/2021\/index.php?rest_route=\/wp\/v2\/types\/page"}],"author":[{"embeddable":true,"href":"http:\/\/termomecanicasrl.com.ar\/2021\/index.php?rest_route=\/wp\/v2\/users\/1"}],"replies":[{"embeddable":true,"href":"http:\/\/termomecanicasrl.com.ar\/2021\/index.php?rest_route=%2Fwp%2Fv2%2Fcomments&post=43"}],"version-history":[{"count":3,"href":"http:\/\/termomecanicasrl.com.ar\/2021\/index.php?rest_route=\/wp\/v2\/pages\/43\/revisions"}],"predecessor-version":[{"id":738,"href":"http:\/\/termomecanicasrl.com.ar\/2021\/index.php?rest_route=\/wp\/v2\/pages\/43\/revisions\/738"}],"wp:attachment":[{"href":"http:\/\/termomecanicasrl.com.ar\/2021\/index.php?rest_route=%2Fwp%2Fv2%2Fmedia&parent=43"}],"curies":[{"name":"wp","href":"https:\/\/api.w.org\/{rel}","templated":true}]}}